{"id":12643,"date":"2020-11-23T13:50:52","date_gmt":"2020-11-23T13:50:52","guid":{"rendered":"https:\/\/femivoz.es\/?page_id=12643"},"modified":"2023-12-03T15:34:54","modified_gmt":"2023-12-03T15:34:54","slug":"agenda","status":"publish","type":"page","link":"https:\/\/femivoz.es\/fr\/agenda\/","title":{"rendered":"Agenda"},"content":{"rendered":"\t\t<div data-elementor-type=\"wp-page\" data-elementor-id=\"12643\" class=\"elementor elementor-12643\" data-elementor-settings=\"{&quot;ha_cmc_init_switcher&quot;:&quot;no&quot;}\" data-elementor-post-type=\"page\">\n\t\t\t\t\t\t<section class=\"elementor-section elementor-top-section elementor-element elementor-element-61afaec elementor-section-height-min-height elementor-section-boxed elementor-section-height-default elementor-section-items-middle\" data-id=\"61afaec\" data-element_type=\"section\" data-settings=\"{&quot;jet_parallax_layout_list&quot;:[{&quot;jet_parallax_layout_image&quot;:{&quot;url&quot;:&quot;&quot;,&quot;id&quot;:&quot;&quot;,&quot;size&quot;:&quot;&quot;},&quot;_id&quot;:&quot;d0d171f&quot;,&quot;jet_parallax_layout_image_tablet&quot;:{&quot;url&quot;:&quot;&quot;,&quot;id&quot;:&quot;&quot;,&quot;size&quot;:&quot;&quot;},&quot;jet_parallax_layout_image_mobile&quot;:{&quot;url&quot;:&quot;&quot;,&quot;id&quot;:&quot;&quot;,&quot;size&quot;:&quot;&quot;},&quot;jet_parallax_layout_speed&quot;:{&quot;unit&quot;:&quot;%&quot;,&quot;size&quot;:50,&quot;sizes&quot;:[]},&quot;jet_parallax_layout_type&quot;:&quot;scroll&quot;,&quot;jet_parallax_layout_direction&quot;:&quot;1&quot;,&quot;jet_parallax_layout_fx_direction&quot;:null,&quot;jet_parallax_layout_z_index&quot;:&quot;&quot;,&quot;jet_parallax_layout_bg_x&quot;:50,&quot;jet_parallax_layout_bg_x_tablet&quot;:&quot;&quot;,&quot;jet_parallax_layout_bg_x_mobile&quot;:&quot;&quot;,&quot;jet_parallax_layout_bg_y&quot;:50,&quot;jet_parallax_layout_bg_y_tablet&quot;:&quot;&quot;,&quot;jet_parallax_layout_bg_y_mobile&quot;:&quot;&quot;,&quot;jet_parallax_layout_bg_size&quot;:&quot;auto&quot;,&quot;jet_parallax_layout_bg_size_tablet&quot;:&quot;&quot;,&quot;jet_parallax_layout_bg_size_mobile&quot;:&quot;&quot;,&quot;jet_parallax_layout_animation_prop&quot;:&quot;transform&quot;,&quot;jet_parallax_layout_on&quot;:[&quot;desktop&quot;,&quot;tablet&quot;]}],&quot;background_background&quot;:&quot;classic&quot;,&quot;_ha_eqh_enable&quot;:false}\">\n\t\t\t\t\t\t<div class=\"elementor-container elementor-column-gap-default\">\n\t\t\t\t\t<div class=\"elementor-column elementor-col-100 elementor-top-column elementor-element elementor-element-bc82fdb\" data-id=\"bc82fdb\" data-element_type=\"column\">\n\t\t\t<div class=\"elementor-widget-wrap elementor-element-populated\">\n\t\t\t\t\t\t<div class=\"elementor-element elementor-element-6674677 elementor-widget elementor-widget-heading\" data-id=\"6674677\" data-element_type=\"widget\" data-widget_type=\"heading.default\">\n\t\t\t\t\t<h2 class=\"elementor-heading-title elementor-size-default\">AGENDA<\/h2>\t\t\t\t<\/div>\n\t\t\t\t\t<\/div>\n\t\t<\/div>\n\t\t\t\t\t<\/div>\n\t\t<\/section>\n\t\t\t\t<section class=\"elementor-section elementor-top-section elementor-element elementor-element-fb0c384 elementor-section-boxed elementor-section-height-default elementor-section-height-default\" data-id=\"fb0c384\" data-element_type=\"section\" data-settings=\"{&quot;jet_parallax_layout_list&quot;:[{&quot;jet_parallax_layout_image&quot;:{&quot;url&quot;:&quot;&quot;,&quot;id&quot;:&quot;&quot;,&quot;size&quot;:&quot;&quot;},&quot;_id&quot;:&quot;3bfa076&quot;,&quot;jet_parallax_layout_image_tablet&quot;:{&quot;url&quot;:&quot;&quot;,&quot;id&quot;:&quot;&quot;,&quot;size&quot;:&quot;&quot;},&quot;jet_parallax_layout_image_mobile&quot;:{&quot;url&quot;:&quot;&quot;,&quot;id&quot;:&quot;&quot;,&quot;size&quot;:&quot;&quot;},&quot;jet_parallax_layout_speed&quot;:{&quot;unit&quot;:&quot;%&quot;,&quot;size&quot;:50,&quot;sizes&quot;:[]},&quot;jet_parallax_layout_type&quot;:&quot;scroll&quot;,&quot;jet_parallax_layout_direction&quot;:&quot;1&quot;,&quot;jet_parallax_layout_fx_direction&quot;:null,&quot;jet_parallax_layout_z_index&quot;:&quot;&quot;,&quot;jet_parallax_layout_bg_x&quot;:50,&quot;jet_parallax_layout_bg_x_tablet&quot;:&quot;&quot;,&quot;jet_parallax_layout_bg_x_mobile&quot;:&quot;&quot;,&quot;jet_parallax_layout_bg_y&quot;:50,&quot;jet_parallax_layout_bg_y_tablet&quot;:&quot;&quot;,&quot;jet_parallax_layout_bg_y_mobile&quot;:&quot;&quot;,&quot;jet_parallax_layout_bg_size&quot;:&quot;auto&quot;,&quot;jet_parallax_layout_bg_size_tablet&quot;:&quot;&quot;,&quot;jet_parallax_layout_bg_size_mobile&quot;:&quot;&quot;,&quot;jet_parallax_layout_animation_prop&quot;:&quot;transform&quot;,&quot;jet_parallax_layout_on&quot;:[&quot;desktop&quot;,&quot;tablet&quot;]}],&quot;_ha_eqh_enable&quot;:false}\">\n\t\t\t\t\t\t<div class=\"elementor-container elementor-column-gap-default\">\n\t\t\t\t\t<div class=\"elementor-column elementor-col-100 elementor-top-column elementor-element elementor-element-4f50791\" data-id=\"4f50791\" data-element_type=\"column\">\n\t\t\t<div class=\"elementor-widget-wrap elementor-element-populated\">\n\t\t\t\t\t\t<div class=\"elementor-element elementor-element-d6a6bfb elementor-widget elementor-widget-spacer\" data-id=\"d6a6bfb\" data-element_type=\"widget\" data-widget_type=\"spacer.default\">\n\t\t\t\t\t\t\t<div class=\"elementor-spacer\">\n\t\t\t<div class=\"elementor-spacer-inner\"><\/div>\n\t\t<\/div>\n\t\t\t\t\t\t<\/div>\n\t\t\t\t\t<\/div>\n\t\t<\/div>\n\t\t\t\t\t<\/div>\n\t\t<\/section>\n\t\t\t\t<section class=\"elementor-section elementor-top-section elementor-element elementor-element-70900a1 elementor-section-boxed elementor-section-height-default elementor-section-height-default\" data-id=\"70900a1\" data-element_type=\"section\" data-settings=\"{&quot;jet_parallax_layout_list&quot;:[{&quot;jet_parallax_layout_image&quot;:{&quot;url&quot;:&quot;&quot;,&quot;id&quot;:&quot;&quot;,&quot;size&quot;:&quot;&quot;},&quot;_id&quot;:&quot;7f544a2&quot;,&quot;jet_parallax_layout_image_tablet&quot;:{&quot;url&quot;:&quot;&quot;,&quot;id&quot;:&quot;&quot;,&quot;size&quot;:&quot;&quot;},&quot;jet_parallax_layout_image_mobile&quot;:{&quot;url&quot;:&quot;&quot;,&quot;id&quot;:&quot;&quot;,&quot;size&quot;:&quot;&quot;},&quot;jet_parallax_layout_speed&quot;:{&quot;unit&quot;:&quot;%&quot;,&quot;size&quot;:50,&quot;sizes&quot;:[]},&quot;jet_parallax_layout_type&quot;:&quot;scroll&quot;,&quot;jet_parallax_layout_direction&quot;:&quot;1&quot;,&quot;jet_parallax_layout_fx_direction&quot;:null,&quot;jet_parallax_layout_z_index&quot;:&quot;&quot;,&quot;jet_parallax_layout_bg_x&quot;:50,&quot;jet_parallax_layout_bg_x_tablet&quot;:&quot;&quot;,&quot;jet_parallax_layout_bg_x_mobile&quot;:&quot;&quot;,&quot;jet_parallax_layout_bg_y&quot;:50,&quot;jet_parallax_layout_bg_y_tablet&quot;:&quot;&quot;,&quot;jet_parallax_layout_bg_y_mobile&quot;:&quot;&quot;,&quot;jet_parallax_layout_bg_size&quot;:&quot;auto&quot;,&quot;jet_parallax_layout_bg_size_tablet&quot;:&quot;&quot;,&quot;jet_parallax_layout_bg_size_mobile&quot;:&quot;&quot;,&quot;jet_parallax_layout_animation_prop&quot;:&quot;transform&quot;,&quot;jet_parallax_layout_on&quot;:[&quot;desktop&quot;,&quot;tablet&quot;]}],&quot;background_background&quot;:&quot;classic&quot;,&quot;_ha_eqh_enable&quot;:false}\">\n\t\t\t\t\t\t<div class=\"elementor-container elementor-column-gap-wider\">\n\t\t\t\t\t<div class=\"elementor-column elementor-col-50 elementor-top-column elementor-element elementor-element-44df380\" data-id=\"44df380\" data-element_type=\"column\">\n\t\t\t<div class=\"elementor-widget-wrap elementor-element-populated\">\n\t\t\t\t\t\t<div class=\"elementor-element elementor-element-f6d9e18 elementor-widget elementor-widget-html\" data-id=\"f6d9e18\" data-element_type=\"widget\" data-widget_type=\"html.default\">\n\t\t\t\t\t<iframe data-w-type=\"embedded\" frameborder=\"0\" scrolling=\"no\" marginheight=\"0\" marginwidth=\"0\" src=\"https:\/\/x5izg.mjt.lu\/wgt\/x5izg\/yl7\/form?c=f2817f4d\" width=\"100%\" style=\"height: 0;\"><\/iframe>\n\n<script type=\"text\/javascript\" src=\"https:\/\/app.mailjet.com\/pas-nc-embedded-v1.js\"><\/script>\n\t\t\t\t<\/div>\n\t\t\t\t\t<\/div>\n\t\t<\/div>\n\t\t\t\t<div class=\"elementor-column elementor-col-50 elementor-top-column elementor-element elementor-element-b93b921\" data-id=\"b93b921\" data-element_type=\"column\">\n\t\t\t<div class=\"elementor-widget-wrap elementor-element-populated\">\n\t\t\t\t\t\t<div class=\"elementor-element elementor-element-e63ce0f elementor-widget elementor-widget-spacer\" data-id=\"e63ce0f\" data-element_type=\"widget\" data-widget_type=\"spacer.default\">\n\t\t\t\t\t\t\t<div class=\"elementor-spacer\">\n\t\t\t<div class=\"elementor-spacer-inner\"><\/div>\n\t\t<\/div>\n\t\t\t\t\t\t<\/div>\n\t\t\t\t<div class=\"elementor-element elementor-element-513881a elementor-widget elementor-widget-heading\" data-id=\"513881a\" data-element_type=\"widget\" data-widget_type=\"heading.default\">\n\t\t\t\t\t<h2 class=\"elementor-heading-title elementor-size-default\">AGENDA FEMIVOZ<\/h2>\t\t\t\t<\/div>\n\t\t\t\t<div class=\"elementor-element elementor-element-ccfb04b elementor-widget elementor-widget-text-editor\" data-id=\"ccfb04b\" data-element_type=\"widget\" data-widget_type=\"text-editor.default\">\n\t\t\t\t\t\t\t\t\t<h2><span style=\"font-size: large;\"><b class=\"medium-b\">Recevez chaque mois notre <span style=\"color: #fc0064;\">newsletter mensuelle<\/span><\/b><\/span><\/h2><div><p><span style=\"font-size: medium;\">Chaque mois, Femivoz fid\u00e9lise sa communaut\u00e9 avec un agenda tr\u00e8s sp\u00e9cial qui comprend des <strong>offres<\/strong>, des coupons de <strong>r\u00e9duction<\/strong>, des surprises, des <strong>actualit\u00e9s<\/strong>, des <strong>articles<\/strong>, des <strong>vid\u00e9os<\/strong>, etc. Cet agenda aborde des sujets li\u00e9s \u00e0 la <strong>Logop\u00e9die<\/strong>, la <strong>Vocologie,\u00a0<\/strong> la <strong>f\u00e9minisation<\/strong>, <strong>l&rsquo;harmonisation <\/strong>et la <strong>masculinisation de la voix<\/strong>, la voix en g\u00e9n\u00e9ral, le monde <strong>LGBTQIA+<\/strong> et d&rsquo;autres sujets d&rsquo;int\u00e9r\u00eat. N&rsquo;h\u00e9sitez pas \u00e0 vous abonner pour recevoir notre prochain num\u00e9ro.<\/span><\/p><\/div>\t\t\t\t\t\t\t\t<\/div>\n\t\t\t\t\t<\/div>\n\t\t<\/div>\n\t\t\t\t\t<\/div>\n\t\t<\/section>\n\t\t\t\t<\/div>\n\t\t","protected":false},"excerpt":{"rendered":"<p>AGENDA AGENDA FEMIVOZ Recevez chaque mois notre newsletter mensuelle Chaque mois, Femivoz fid\u00e9lise sa communaut\u00e9 avec un agenda tr\u00e8s sp\u00e9cial qui comprend des offres, des coupons de r\u00e9duction, des surprises, des actualit\u00e9s, des articles, des vid\u00e9os, etc. Cet agenda aborde des sujets li\u00e9s \u00e0 la Logop\u00e9die, la Vocologie,\u00a0 la f\u00e9minisation, l&rsquo;harmonisation et la masculinisation de [&hellip;]<\/p>\n","protected":false},"author":3,"featured_media":0,"parent":0,"menu_order":0,"comment_status":"closed","ping_status":"closed","template":"elementor_header_footer","meta":{"_acf_changed":false,"footnotes":""},"class_list":["post-12643","page","type-page","status-publish","hentry"],"acf":[],"yoast_head":"<!-- This site is optimized with the Yoast SEO Premium plugin v19.6 (Yoast SEO v26.7) - https:\/\/yoast.com\/wordpress\/plugins\/seo\/ -->\n<title>Agenda - Femivoz<\/title>\n<meta name=\"robots\" content=\"index, follow, max-snippet:-1, max-image-preview:large, max-video-preview:-1\" \/>\n<link rel=\"canonical\" href=\"https:\/\/femivoz.es\/fr\/agenda\/\" \/>\n<meta property=\"og:locale\" content=\"fr_FR\" \/>\n<meta property=\"og:type\" content=\"article\" \/>\n<meta property=\"og:title\" content=\"Agenda\" \/>\n<meta property=\"og:description\" content=\"AGENDA AGENDA FEMIVOZ Recevez chaque mois notre newsletter mensuelle Chaque mois, Femivoz fid\u00e9lise sa communaut\u00e9 avec un agenda tr\u00e8s sp\u00e9cial qui comprend des offres, des coupons de r\u00e9duction, des surprises, des actualit\u00e9s, des articles, des vid\u00e9os, etc. Cet agenda aborde des sujets li\u00e9s \u00e0 la Logop\u00e9die, la Vocologie,\u00a0 la f\u00e9minisation, l&rsquo;harmonisation et la masculinisation de [&hellip;]\" \/>\n<meta property=\"og:url\" content=\"https:\/\/femivoz.es\/fr\/agenda\/\" \/>\n<meta property=\"og:site_name\" content=\"Femivoz\" \/>\n<meta property=\"article:publisher\" content=\"https:\/\/www.facebook.com\/femivoz\" \/>\n<meta property=\"article:modified_time\" content=\"2023-12-03T15:34:54+00:00\" \/>\n<meta property=\"og:image\" content=\"https:\/\/femivoz.es\/wp-content\/uploads\/2021\/11\/MARIELA-BLOG.png\" \/>\n\t<meta property=\"og:image:width\" content=\"1080\" \/>\n\t<meta property=\"og:image:height\" content=\"1400\" \/>\n\t<meta property=\"og:image:type\" content=\"image\/png\" \/>\n<meta name=\"twitter:card\" content=\"summary_large_image\" \/>\n<meta name=\"twitter:site\" content=\"@femivoz\" \/>\n<meta name=\"twitter:label1\" content=\"Dur\u00e9e de lecture estim\u00e9e\" \/>\n\t<meta name=\"twitter:data1\" content=\"1 minute\" \/>\n<script type=\"application\/ld+json\" class=\"yoast-schema-graph\">{\"@context\":\"https:\/\/schema.org\",\"@graph\":[{\"@type\":\"WebPage\",\"@id\":\"https:\/\/femivoz.es\/fr\/agenda\/\",\"url\":\"https:\/\/femivoz.es\/fr\/agenda\/\",\"name\":\"Agenda - Femivoz\",\"isPartOf\":{\"@id\":\"https:\/\/femivoz.es\/fr\/#website\"},\"datePublished\":\"2020-11-23T13:50:52+00:00\",\"dateModified\":\"2023-12-03T15:34:54+00:00\",\"breadcrumb\":{\"@id\":\"https:\/\/femivoz.es\/fr\/agenda\/#breadcrumb\"},\"inLanguage\":\"fr-FR\",\"potentialAction\":[{\"@type\":\"ReadAction\",\"target\":[\"https:\/\/femivoz.es\/fr\/agenda\/\"]}]},{\"@type\":\"BreadcrumbList\",\"@id\":\"https:\/\/femivoz.es\/fr\/agenda\/#breadcrumb\",\"itemListElement\":[{\"@type\":\"ListItem\",\"position\":1,\"name\":\"Portada\",\"item\":\"https:\/\/femivoz.es\/\"},{\"@type\":\"ListItem\",\"position\":2,\"name\":\"Agenda\"}]},{\"@type\":\"WebSite\",\"@id\":\"https:\/\/femivoz.es\/fr\/#website\",\"url\":\"https:\/\/femivoz.es\/fr\/\",\"name\":\"Femivoz\",\"description\":\"F\u00e9minisation de la voix en ligne avec la logop\u00e8de Mariela Astudillo. S\u00e9ances en ligne. 1\u00ba RDV Gratuit.\",\"publisher\":{\"@id\":\"https:\/\/femivoz.es\/fr\/#organization\"},\"potentialAction\":[{\"@type\":\"SearchAction\",\"target\":{\"@type\":\"EntryPoint\",\"urlTemplate\":\"https:\/\/femivoz.es\/fr\/?s={search_term_string}\"},\"query-input\":{\"@type\":\"PropertyValueSpecification\",\"valueRequired\":true,\"valueName\":\"search_term_string\"}}],\"inLanguage\":\"fr-FR\"},{\"@type\":\"Organization\",\"@id\":\"https:\/\/femivoz.es\/fr\/#organization\",\"name\":\"FEMIVOZ\",\"url\":\"https:\/\/femivoz.es\/fr\/\",\"logo\":{\"@type\":\"ImageObject\",\"inLanguage\":\"fr-FR\",\"@id\":\"https:\/\/femivoz.es\/fr\/#\/schema\/logo\/image\/\",\"url\":\"https:\/\/femivoz.es\/wp-content\/uploads\/2018\/05\/Logo-femivoz-2018-HD-B.png\",\"contentUrl\":\"https:\/\/femivoz.es\/wp-content\/uploads\/2018\/05\/Logo-femivoz-2018-HD-B.png\",\"width\":2210,\"height\":658,\"caption\":\"FEMIVOZ\"},\"image\":{\"@id\":\"https:\/\/femivoz.es\/fr\/#\/schema\/logo\/image\/\"},\"sameAs\":[\"https:\/\/www.facebook.com\/femivoz\",\"https:\/\/x.com\/femivoz\",\"https:\/\/www.instagram.com\/femivoz\/\",\"https:\/\/www.linkedin.com\/in\/femivoz-mariela-astudillo-1401ab21a\/\",\"https:\/\/www.youtube.com\/channel\/UC33Zf-WKvD_Gd_tosA47SFw\"]}]}<\/script>\n<!-- \/ Yoast SEO Premium plugin. -->","yoast_head_json":{"title":"Agenda - Femivoz","robots":{"index":"index","follow":"follow","max-snippet":"max-snippet:-1","max-image-preview":"max-image-preview:large","max-video-preview":"max-video-preview:-1"},"canonical":"https:\/\/femivoz.es\/fr\/agenda\/","og_locale":"fr_FR","og_type":"article","og_title":"Agenda","og_description":"AGENDA AGENDA FEMIVOZ Recevez chaque mois notre newsletter mensuelle Chaque mois, Femivoz fid\u00e9lise sa communaut\u00e9 avec un agenda tr\u00e8s sp\u00e9cial qui comprend des offres, des coupons de r\u00e9duction, des surprises, des actualit\u00e9s, des articles, des vid\u00e9os, etc. Cet agenda aborde des sujets li\u00e9s \u00e0 la Logop\u00e9die, la Vocologie,\u00a0 la f\u00e9minisation, l&rsquo;harmonisation et la masculinisation de [&hellip;]","og_url":"https:\/\/femivoz.es\/fr\/agenda\/","og_site_name":"Femivoz","article_publisher":"https:\/\/www.facebook.com\/femivoz","article_modified_time":"2023-12-03T15:34:54+00:00","og_image":[{"width":1080,"height":1400,"url":"https:\/\/femivoz.es\/wp-content\/uploads\/2021\/11\/MARIELA-BLOG.png","type":"image\/png"}],"twitter_card":"summary_large_image","twitter_site":"@femivoz","twitter_misc":{"Dur\u00e9e de lecture estim\u00e9e":"1 minute"},"schema":{"@context":"https:\/\/schema.org","@graph":[{"@type":"WebPage","@id":"https:\/\/femivoz.es\/fr\/agenda\/","url":"https:\/\/femivoz.es\/fr\/agenda\/","name":"Agenda - Femivoz","isPartOf":{"@id":"https:\/\/femivoz.es\/fr\/#website"},"datePublished":"2020-11-23T13:50:52+00:00","dateModified":"2023-12-03T15:34:54+00:00","breadcrumb":{"@id":"https:\/\/femivoz.es\/fr\/agenda\/#breadcrumb"},"inLanguage":"fr-FR","potentialAction":[{"@type":"ReadAction","target":["https:\/\/femivoz.es\/fr\/agenda\/"]}]},{"@type":"BreadcrumbList","@id":"https:\/\/femivoz.es\/fr\/agenda\/#breadcrumb","itemListElement":[{"@type":"ListItem","position":1,"name":"Portada","item":"https:\/\/femivoz.es\/"},{"@type":"ListItem","position":2,"name":"Agenda"}]},{"@type":"WebSite","@id":"https:\/\/femivoz.es\/fr\/#website","url":"https:\/\/femivoz.es\/fr\/","name":"Femivoz","description":"F\u00e9minisation de la voix en ligne avec la logop\u00e8de Mariela Astudillo. S\u00e9ances en ligne. 1\u00ba RDV Gratuit.","publisher":{"@id":"https:\/\/femivoz.es\/fr\/#organization"},"potentialAction":[{"@type":"SearchAction","target":{"@type":"EntryPoint","urlTemplate":"https:\/\/femivoz.es\/fr\/?s={search_term_string}"},"query-input":{"@type":"PropertyValueSpecification","valueRequired":true,"valueName":"search_term_string"}}],"inLanguage":"fr-FR"},{"@type":"Organization","@id":"https:\/\/femivoz.es\/fr\/#organization","name":"FEMIVOZ","url":"https:\/\/femivoz.es\/fr\/","logo":{"@type":"ImageObject","inLanguage":"fr-FR","@id":"https:\/\/femivoz.es\/fr\/#\/schema\/logo\/image\/","url":"https:\/\/femivoz.es\/wp-content\/uploads\/2018\/05\/Logo-femivoz-2018-HD-B.png","contentUrl":"https:\/\/femivoz.es\/wp-content\/uploads\/2018\/05\/Logo-femivoz-2018-HD-B.png","width":2210,"height":658,"caption":"FEMIVOZ"},"image":{"@id":"https:\/\/femivoz.es\/fr\/#\/schema\/logo\/image\/"},"sameAs":["https:\/\/www.facebook.com\/femivoz","https:\/\/x.com\/femivoz","https:\/\/www.instagram.com\/femivoz\/","https:\/\/www.linkedin.com\/in\/femivoz-mariela-astudillo-1401ab21a\/","https:\/\/www.youtube.com\/channel\/UC33Zf-WKvD_Gd_tosA47SFw"]}]}},"_links":{"self":[{"href":"https:\/\/femivoz.es\/fr\/wp-json\/wp\/v2\/pages\/12643","targetHints":{"allow":["GET"]}}],"collection":[{"href":"https:\/\/femivoz.es\/fr\/wp-json\/wp\/v2\/pages"}],"about":[{"href":"https:\/\/femivoz.es\/fr\/wp-json\/wp\/v2\/types\/page"}],"author":[{"embeddable":true,"href":"https:\/\/femivoz.es\/fr\/wp-json\/wp\/v2\/users\/3"}],"replies":[{"embeddable":true,"href":"https:\/\/femivoz.es\/fr\/wp-json\/wp\/v2\/comments?post=12643"}],"version-history":[{"count":6,"href":"https:\/\/femivoz.es\/fr\/wp-json\/wp\/v2\/pages\/12643\/revisions"}],"predecessor-version":[{"id":50669,"href":"https:\/\/femivoz.es\/fr\/wp-json\/wp\/v2\/pages\/12643\/revisions\/50669"}],"wp:attachment":[{"href":"https:\/\/femivoz.es\/fr\/wp-json\/wp\/v2\/media?parent=12643"}],"curies":[{"name":"wp","href":"https:\/\/api.w.org\/{rel}","templated":true}]}}