{"id":15283,"date":"2021-02-23T07:10:29","date_gmt":"2021-02-23T07:10:29","guid":{"rendered":"https:\/\/femivoz.es\/?page_id=15283"},"modified":"2023-12-02T19:01:18","modified_gmt":"2023-12-02T19:01:18","slug":"travail-vocal-acteurs","status":"publish","type":"page","link":"https:\/\/femivoz.es\/fr\/travail-vocal-acteurs\/","title":{"rendered":"Entra\u00eenement vocal pour les professionnels du th\u00e9\u00e2tre, du cin\u00e9ma et de la sc\u00e8ne"},"content":{"rendered":"\t\t<div data-elementor-type=\"wp-page\" data-elementor-id=\"15283\" class=\"elementor elementor-15283 elementor-14766\" data-elementor-settings=\"{&quot;ha_cmc_init_switcher&quot;:&quot;no&quot;}\" data-elementor-post-type=\"page\">\n\t\t\t\t\t\t<section class=\"elementor-section elementor-top-section elementor-element elementor-element-61837a1d elementor-section-height-min-height elementor-section-boxed elementor-section-height-default elementor-section-items-middle\" data-id=\"61837a1d\" data-element_type=\"section\" data-settings=\"{&quot;jet_parallax_layout_list&quot;:[{&quot;jet_parallax_layout_image&quot;:{&quot;url&quot;:&quot;&quot;,&quot;id&quot;:&quot;&quot;,&quot;size&quot;:&quot;&quot;},&quot;_id&quot;:&quot;7873f9a&quot;,&quot;jet_parallax_layout_image_tablet&quot;:{&quot;url&quot;:&quot;&quot;,&quot;id&quot;:&quot;&quot;,&quot;size&quot;:&quot;&quot;},&quot;jet_parallax_layout_image_mobile&quot;:{&quot;url&quot;:&quot;&quot;,&quot;id&quot;:&quot;&quot;,&quot;size&quot;:&quot;&quot;},&quot;jet_parallax_layout_speed&quot;:{&quot;unit&quot;:&quot;%&quot;,&quot;size&quot;:50,&quot;sizes&quot;:[]},&quot;jet_parallax_layout_type&quot;:&quot;scroll&quot;,&quot;jet_parallax_layout_direction&quot;:&quot;1&quot;,&quot;jet_parallax_layout_fx_direction&quot;:null,&quot;jet_parallax_layout_z_index&quot;:&quot;&quot;,&quot;jet_parallax_layout_bg_x&quot;:50,&quot;jet_parallax_layout_bg_x_tablet&quot;:&quot;&quot;,&quot;jet_parallax_layout_bg_x_mobile&quot;:&quot;&quot;,&quot;jet_parallax_layout_bg_y&quot;:50,&quot;jet_parallax_layout_bg_y_tablet&quot;:&quot;&quot;,&quot;jet_parallax_layout_bg_y_mobile&quot;:&quot;&quot;,&quot;jet_parallax_layout_bg_size&quot;:&quot;auto&quot;,&quot;jet_parallax_layout_bg_size_tablet&quot;:&quot;&quot;,&quot;jet_parallax_layout_bg_size_mobile&quot;:&quot;&quot;,&quot;jet_parallax_layout_animation_prop&quot;:&quot;transform&quot;,&quot;jet_parallax_layout_on&quot;:[&quot;desktop&quot;,&quot;tablet&quot;]}],&quot;background_background&quot;:&quot;classic&quot;,&quot;_ha_eqh_enable&quot;:false}\">\n\t\t\t\t\t\t<div class=\"elementor-container elementor-column-gap-default\">\n\t\t\t\t\t<div class=\"elementor-column elementor-col-100 elementor-top-column elementor-element elementor-element-31172473\" data-id=\"31172473\" data-element_type=\"column\">\n\t\t\t<div class=\"elementor-widget-wrap elementor-element-populated\">\n\t\t\t\t\t\t<div class=\"elementor-element elementor-element-3d6e2251 elementor-widget elementor-widget-heading\" data-id=\"3d6e2251\" data-element_type=\"widget\" data-widget_type=\"heading.default\">\n\t\t\t\t\t<h2 class=\"elementor-heading-title elementor-size-default\">Voix int\u00e8rpret\u00e9e, sc\u00e9nique et artistique<\/h2>\t\t\t\t<\/div>\n\t\t\t\t<div class=\"elementor-element elementor-element-6fdc1f2 elementor-widget elementor-widget-text-editor\" data-id=\"6fdc1f2\" data-element_type=\"widget\" data-widget_type=\"text-editor.default\">\n\t\t\t\t\t\t\t\t\t<p><span style=\"font-weight: 400;\">Entra\u00eenement vocal pour les professionnels du monde de l&rsquo;interpr\u00e9tation<\/span><\/p>\t\t\t\t\t\t\t\t<\/div>\n\t\t\t\t\t<\/div>\n\t\t<\/div>\n\t\t\t\t\t<\/div>\n\t\t<\/section>\n\t\t\t\t<section class=\"elementor-section elementor-top-section elementor-element elementor-element-c37682d elementor-section-boxed elementor-section-height-default elementor-section-height-default\" data-id=\"c37682d\" data-element_type=\"section\" data-settings=\"{&quot;jet_parallax_layout_list&quot;:[{&quot;jet_parallax_layout_image&quot;:{&quot;url&quot;:&quot;&quot;,&quot;id&quot;:&quot;&quot;,&quot;size&quot;:&quot;&quot;},&quot;_id&quot;:&quot;da10f8f&quot;,&quot;jet_parallax_layout_image_tablet&quot;:{&quot;url&quot;:&quot;&quot;,&quot;id&quot;:&quot;&quot;,&quot;size&quot;:&quot;&quot;},&quot;jet_parallax_layout_image_mobile&quot;:{&quot;url&quot;:&quot;&quot;,&quot;id&quot;:&quot;&quot;,&quot;size&quot;:&quot;&quot;},&quot;jet_parallax_layout_speed&quot;:{&quot;unit&quot;:&quot;%&quot;,&quot;size&quot;:50,&quot;sizes&quot;:[]},&quot;jet_parallax_layout_type&quot;:&quot;scroll&quot;,&quot;jet_parallax_layout_direction&quot;:&quot;1&quot;,&quot;jet_parallax_layout_fx_direction&quot;:null,&quot;jet_parallax_layout_z_index&quot;:&quot;&quot;,&quot;jet_parallax_layout_bg_x&quot;:50,&quot;jet_parallax_layout_bg_x_tablet&quot;:&quot;&quot;,&quot;jet_parallax_layout_bg_x_mobile&quot;:&quot;&quot;,&quot;jet_parallax_layout_bg_y&quot;:50,&quot;jet_parallax_layout_bg_y_tablet&quot;:&quot;&quot;,&quot;jet_parallax_layout_bg_y_mobile&quot;:&quot;&quot;,&quot;jet_parallax_layout_bg_size&quot;:&quot;auto&quot;,&quot;jet_parallax_layout_bg_size_tablet&quot;:&quot;&quot;,&quot;jet_parallax_layout_bg_size_mobile&quot;:&quot;&quot;,&quot;jet_parallax_layout_animation_prop&quot;:&quot;transform&quot;,&quot;jet_parallax_layout_on&quot;:[&quot;desktop&quot;,&quot;tablet&quot;]}],&quot;_ha_eqh_enable&quot;:false}\">\n\t\t\t\t\t\t<div class=\"elementor-container elementor-column-gap-wide\">\n\t\t\t\t\t<div class=\"elementor-column elementor-col-100 elementor-top-column elementor-element elementor-element-446189b2\" data-id=\"446189b2\" data-element_type=\"column\">\n\t\t\t<div class=\"elementor-widget-wrap elementor-element-populated\">\n\t\t\t\t\t\t<div class=\"elementor-element elementor-element-10d9c2b6 elementor-widget elementor-widget-text-editor\" data-id=\"10d9c2b6\" data-element_type=\"widget\" data-widget_type=\"text-editor.default\">\n\t\t\t\t\t\t\t\t\t<h2><strong><span style=\"color: #16bfb1;\"><b>VOIX SC\u00c9NIQUE :<\/b> <\/span> R\u00d4LES &amp; INTERPR\u00c9TATION<\/strong><\/h2><p>Femivoz\u00ae travaille de mani\u00e8re multidisciplinaire et personnalise les sessions en fonction de la demande et des objectifs \u00e0 atteindre, qu\u2019ils soient \u00e0 long terme ou pour un \u00e9v\u00e9nement ponctuel.<\/p><p>Gr\u00e2ce \u00e0 une exp\u00e9rience de plus de 16 ans de travail avec tous les types de voix et de personnes, Femivoz\u00b3 offre une formation vocale pour les professionnels du monde de l\u2019interpr\u00e9tation afin d\u2019obtenir le maximum de performance et de confort sur sc\u00e8ne.<\/p><p>L\u2019objectif de cet entra\u00eenement vocal sp\u00e9cifique est de travailler des aspects tels que la r\u00e9sistance, la flexibilit\u00e9, la projection, la r\u00e9sonance ou l\u2019articulation vocale, entre autres param\u00e8tres fondamentaux dans la <b>caract\u00e9risation vocale<\/b> et la performance.<\/p><p>En outre, nous nous sp\u00e9cialisons dans la formation vocale pour l\u2019interpr\u00e9tation des r\u00f4les f\u00e9minins et masculins \u00e0 travers la f\u00e9minisation ou la masculinisation de la voix et de la parole, selon le r\u00f4le ou la personne qui va l\u2019interpr\u00e9ter.<\/p><p><b>Femivoz<\/b><span style=\"color: var( --e-global-color-text ); font-family: var( --e-global-typography-text-font-family ), Sans-serif; font-weight: var( --e-global-typography-text-font-weight );\">\u00ae<\/span><b style=\"color: var( --e-global-color-text ); font-family: var( --e-global-typography-text-font-family ), Sans-serif;\">\u00a0\u00e0, propose un entra\u00eenement vocal qui permettra au\/la\/le artiste d\u2019am\u00e9liorer toutes ses comp\u00e9tences vocales, de maintenir une bonne sant\u00e9 vocale et d\u2019instaurer une dynamique vocale appropri\u00e9e et efficace qui am\u00e9liorera sa performance professionnelle.<\/b><\/p>\t\t\t\t\t\t\t\t<\/div>\n\t\t\t\t\t<\/div>\n\t\t<\/div>\n\t\t\t\t\t<\/div>\n\t\t<\/section>\n\t\t\t\t<section class=\"elementor-section elementor-top-section elementor-element elementor-element-a33cba8 elementor-section-boxed elementor-section-height-default elementor-section-height-default\" data-id=\"a33cba8\" data-element_type=\"section\" data-settings=\"{&quot;jet_parallax_layout_list&quot;:[{&quot;jet_parallax_layout_image&quot;:{&quot;url&quot;:&quot;&quot;,&quot;id&quot;:&quot;&quot;,&quot;size&quot;:&quot;&quot;},&quot;_id&quot;:&quot;8a89544&quot;,&quot;jet_parallax_layout_image_tablet&quot;:{&quot;url&quot;:&quot;&quot;,&quot;id&quot;:&quot;&quot;,&quot;size&quot;:&quot;&quot;},&quot;jet_parallax_layout_image_mobile&quot;:{&quot;url&quot;:&quot;&quot;,&quot;id&quot;:&quot;&quot;,&quot;size&quot;:&quot;&quot;},&quot;jet_parallax_layout_speed&quot;:{&quot;unit&quot;:&quot;%&quot;,&quot;size&quot;:50,&quot;sizes&quot;:[]},&quot;jet_parallax_layout_type&quot;:&quot;scroll&quot;,&quot;jet_parallax_layout_direction&quot;:&quot;1&quot;,&quot;jet_parallax_layout_fx_direction&quot;:null,&quot;jet_parallax_layout_z_index&quot;:&quot;&quot;,&quot;jet_parallax_layout_bg_x&quot;:50,&quot;jet_parallax_layout_bg_x_tablet&quot;:&quot;&quot;,&quot;jet_parallax_layout_bg_x_mobile&quot;:&quot;&quot;,&quot;jet_parallax_layout_bg_y&quot;:50,&quot;jet_parallax_layout_bg_y_tablet&quot;:&quot;&quot;,&quot;jet_parallax_layout_bg_y_mobile&quot;:&quot;&quot;,&quot;jet_parallax_layout_bg_size&quot;:&quot;auto&quot;,&quot;jet_parallax_layout_bg_size_tablet&quot;:&quot;&quot;,&quot;jet_parallax_layout_bg_size_mobile&quot;:&quot;&quot;,&quot;jet_parallax_layout_animation_prop&quot;:&quot;transform&quot;,&quot;jet_parallax_layout_on&quot;:[&quot;desktop&quot;,&quot;tablet&quot;]}],&quot;_ha_eqh_enable&quot;:false}\">\n\t\t\t\t\t\t<div class=\"elementor-container elementor-column-gap-default\">\n\t\t\t\t\t<div class=\"elementor-column elementor-col-100 elementor-top-column elementor-element elementor-element-5fdc8ee\" data-id=\"5fdc8ee\" data-element_type=\"column\">\n\t\t\t<div class=\"elementor-widget-wrap elementor-element-populated\">\n\t\t\t\t\t\t<div class=\"elementor-element elementor-element-0e466e7 ha-has-bg-overlay elementor-widget elementor-widget-text-editor\" data-id=\"0e466e7\" data-element_type=\"widget\" data-widget_type=\"text-editor.default\">\n\t\t\t\t\t\t\t\t\t<p style=\"text-align: center;\"><i>\u00ab\u00a0Un acteur doit travailler toute sa vie, cultiver son esprit, d\u00e9velopper son talent syst\u00e9matiquement, \u00e9largir sa personnalit\u00e9, ne doit jamais d\u00e9sesp\u00e9rer, ni oublier ce but fondamental : aimer son art de toutes ses forces et l\u2019aimer sans \u00e9go\u00efsme\u201d. <\/i><\/p><p style=\"text-align: center;\"><strong>Stanislavski<\/strong><\/p>\t\t\t\t\t\t\t\t<\/div>\n\t\t\t\t\t<\/div>\n\t\t<\/div>\n\t\t\t\t\t<\/div>\n\t\t<\/section>\n\t\t\t\t<section class=\"elementor-section elementor-top-section elementor-element elementor-element-fa22153 elementor-section-boxed elementor-section-height-default elementor-section-height-default\" data-id=\"fa22153\" data-element_type=\"section\" data-settings=\"{&quot;jet_parallax_layout_list&quot;:[{&quot;jet_parallax_layout_image&quot;:{&quot;url&quot;:&quot;&quot;,&quot;id&quot;:&quot;&quot;,&quot;size&quot;:&quot;&quot;},&quot;_id&quot;:&quot;e0daa01&quot;,&quot;jet_parallax_layout_image_tablet&quot;:{&quot;url&quot;:&quot;&quot;,&quot;id&quot;:&quot;&quot;,&quot;size&quot;:&quot;&quot;},&quot;jet_parallax_layout_image_mobile&quot;:{&quot;url&quot;:&quot;&quot;,&quot;id&quot;:&quot;&quot;,&quot;size&quot;:&quot;&quot;},&quot;jet_parallax_layout_speed&quot;:{&quot;unit&quot;:&quot;%&quot;,&quot;size&quot;:50,&quot;sizes&quot;:[]},&quot;jet_parallax_layout_type&quot;:&quot;scroll&quot;,&quot;jet_parallax_layout_direction&quot;:&quot;1&quot;,&quot;jet_parallax_layout_fx_direction&quot;:null,&quot;jet_parallax_layout_z_index&quot;:&quot;&quot;,&quot;jet_parallax_layout_bg_x&quot;:50,&quot;jet_parallax_layout_bg_x_tablet&quot;:&quot;&quot;,&quot;jet_parallax_layout_bg_x_mobile&quot;:&quot;&quot;,&quot;jet_parallax_layout_bg_y&quot;:50,&quot;jet_parallax_layout_bg_y_tablet&quot;:&quot;&quot;,&quot;jet_parallax_layout_bg_y_mobile&quot;:&quot;&quot;,&quot;jet_parallax_layout_bg_size&quot;:&quot;auto&quot;,&quot;jet_parallax_layout_bg_size_tablet&quot;:&quot;&quot;,&quot;jet_parallax_layout_bg_size_mobile&quot;:&quot;&quot;,&quot;jet_parallax_layout_animation_prop&quot;:&quot;transform&quot;,&quot;jet_parallax_layout_on&quot;:[&quot;desktop&quot;,&quot;tablet&quot;]}],&quot;_ha_eqh_enable&quot;:false}\">\n\t\t\t\t\t\t<div class=\"elementor-container elementor-column-gap-default\">\n\t\t\t\t\t<div class=\"elementor-column elementor-col-100 elementor-top-column elementor-element elementor-element-4cede9c\" data-id=\"4cede9c\" data-element_type=\"column\">\n\t\t\t<div class=\"elementor-widget-wrap elementor-element-populated\">\n\t\t\t\t\t\t<div class=\"elementor-element elementor-element-19b1259 elementor-widget elementor-widget-spacer\" data-id=\"19b1259\" data-element_type=\"widget\" data-widget_type=\"spacer.default\">\n\t\t\t\t\t\t\t<div class=\"elementor-spacer\">\n\t\t\t<div class=\"elementor-spacer-inner\"><\/div>\n\t\t<\/div>\n\t\t\t\t\t\t<\/div>\n\t\t\t\t\t<\/div>\n\t\t<\/div>\n\t\t\t\t\t<\/div>\n\t\t<\/section>\n\t\t\t\t<section class=\"elementor-section elementor-top-section elementor-element elementor-element-3513e92 elementor-section-height-min-height elementor-section-content-middle elementor-section-boxed elementor-section-height-default elementor-section-items-middle\" data-id=\"3513e92\" data-element_type=\"section\" data-settings=\"{&quot;jet_parallax_layout_list&quot;:[{&quot;jet_parallax_layout_image&quot;:{&quot;url&quot;:&quot;&quot;,&quot;id&quot;:&quot;&quot;,&quot;size&quot;:&quot;&quot;},&quot;_id&quot;:&quot;02d0106&quot;,&quot;jet_parallax_layout_image_tablet&quot;:{&quot;url&quot;:&quot;&quot;,&quot;id&quot;:&quot;&quot;,&quot;size&quot;:&quot;&quot;},&quot;jet_parallax_layout_image_mobile&quot;:{&quot;url&quot;:&quot;&quot;,&quot;id&quot;:&quot;&quot;,&quot;size&quot;:&quot;&quot;},&quot;jet_parallax_layout_speed&quot;:{&quot;unit&quot;:&quot;%&quot;,&quot;size&quot;:50,&quot;sizes&quot;:[]},&quot;jet_parallax_layout_type&quot;:&quot;scroll&quot;,&quot;jet_parallax_layout_direction&quot;:&quot;1&quot;,&quot;jet_parallax_layout_fx_direction&quot;:null,&quot;jet_parallax_layout_z_index&quot;:&quot;&quot;,&quot;jet_parallax_layout_bg_x&quot;:50,&quot;jet_parallax_layout_bg_x_tablet&quot;:&quot;&quot;,&quot;jet_parallax_layout_bg_x_mobile&quot;:&quot;&quot;,&quot;jet_parallax_layout_bg_y&quot;:50,&quot;jet_parallax_layout_bg_y_tablet&quot;:&quot;&quot;,&quot;jet_parallax_layout_bg_y_mobile&quot;:&quot;&quot;,&quot;jet_parallax_layout_bg_size&quot;:&quot;auto&quot;,&quot;jet_parallax_layout_bg_size_tablet&quot;:&quot;&quot;,&quot;jet_parallax_layout_bg_size_mobile&quot;:&quot;&quot;,&quot;jet_parallax_layout_animation_prop&quot;:&quot;transform&quot;,&quot;jet_parallax_layout_on&quot;:[&quot;desktop&quot;,&quot;tablet&quot;]}],&quot;background_background&quot;:&quot;classic&quot;,&quot;_ha_eqh_enable&quot;:false}\">\n\t\t\t\t\t\t<div class=\"elementor-container elementor-column-gap-wider\">\n\t\t\t\t\t<div class=\"elementor-column elementor-col-50 elementor-top-column elementor-element elementor-element-a0807bf\" data-id=\"a0807bf\" data-element_type=\"column\">\n\t\t\t<div class=\"elementor-widget-wrap elementor-element-populated\">\n\t\t\t\t\t\t<div class=\"elementor-element elementor-element-2655e76 elementor-widget elementor-widget-heading\" data-id=\"2655e76\" data-element_type=\"widget\" data-widget_type=\"heading.default\">\n\t\t\t\t\t<h2 class=\"elementor-heading-title elementor-size-default\">Consultez MAINTENANT<\/h2>\t\t\t\t<\/div>\n\t\t\t\t<div class=\"elementor-element elementor-element-e4b6f6c elementor-widget elementor-widget-text-editor\" data-id=\"e4b6f6c\" data-element_type=\"widget\" data-widget_type=\"text-editor.default\">\n\t\t\t\t\t\t\t\t\t<div class=\"et_pb_promo_description\">N\u2019h\u00e9sitez plus et contactez-nous, votre 1er rendez-vous est totalement GRATUIT. Nous vous guiderons et r\u00e9soudrons tous vos doutes.<\/div>\t\t\t\t\t\t\t\t<\/div>\n\t\t\t\t\t<\/div>\n\t\t<\/div>\n\t\t\t\t<div class=\"elementor-column elementor-col-50 elementor-top-column elementor-element elementor-element-942842a\" data-id=\"942842a\" data-element_type=\"column\">\n\t\t\t<div class=\"elementor-widget-wrap elementor-element-populated\">\n\t\t\t\t\t\t<div class=\"elementor-element elementor-element-808f5fe elementor-align-justify elementor-widget elementor-widget-button\" data-id=\"808f5fe\" data-element_type=\"widget\" data-widget_type=\"button.default\">\n\t\t\t\t\t\t\t\t\t\t<a class=\"elementor-button elementor-button-link elementor-size-md elementor-animation-pop\" href=\"https:\/\/app.squarespacescheduling.com\/schedule.php?owner=23400236\">\n\t\t\t\t\t\t<span class=\"elementor-button-content-wrapper\">\n\t\t\t\t\t\t<span class=\"elementor-button-icon\">\n\t\t\t\t<svg aria-hidden=\"true\" class=\"e-font-icon-svg e-fas-heart\" viewBox=\"0 0 512 512\" xmlns=\"http:\/\/www.w3.org\/2000\/svg\"><path d=\"M462.3 62.6C407.5 15.9 326 24.3 275.7 76.2L256 96.5l-19.7-20.3C186.1 24.3 104.5 15.9 49.7 62.6c-62.8 53.6-66.1 149.8-9.9 207.9l193.5 199.8c12.5 12.9 32.8 12.9 45.3 0l193.5-199.8c56.3-58.1 53-154.3-9.8-207.9z\"><\/path><\/svg>\t\t\t<\/span>\n\t\t\t\t\t\t\t\t\t<span class=\"elementor-button-text\">R\u00e9servez votre 1\u00ba RDV GRATUIT<\/span>\n\t\t\t\t\t<\/span>\n\t\t\t\t\t<\/a>\n\t\t\t\t\t\t\t\t<\/div>\n\t\t\t\t\t<\/div>\n\t\t<\/div>\n\t\t\t\t\t<\/div>\n\t\t<\/section>\n\t\t\t\t<\/div>\n\t\t","protected":false},"excerpt":{"rendered":"<p>Voix int\u00e8rpret\u00e9e, sc\u00e9nique et artistique Entra\u00eenement vocal pour les professionnels du monde de l&rsquo;interpr\u00e9tation VOIX SC\u00c9NIQUE : R\u00d4LES &amp; INTERPR\u00c9TATION Femivoz\u00ae travaille de mani\u00e8re multidisciplinaire et personnalise les sessions en fonction de la demande et des objectifs \u00e0 atteindre, qu\u2019ils soient \u00e0 long terme ou pour un \u00e9v\u00e9nement ponctuel. Gr\u00e2ce \u00e0 une exp\u00e9rience de plus [&hellip;]<\/p>\n","protected":false},"author":367,"featured_media":0,"parent":0,"menu_order":0,"comment_status":"open","ping_status":"open","template":"elementor_header_footer","meta":{"_acf_changed":false,"footnotes":""},"class_list":["post-15283","page","type-page","status-publish","hentry"],"acf":[],"yoast_head":"<!-- This site is optimized with the Yoast SEO Premium plugin v19.6 (Yoast SEO v26.7) - https:\/\/yoast.com\/wordpress\/plugins\/seo\/ -->\n<title>Entra\u00eenement vocal acteurs | Coaching vocal Femivoz<\/title>\n<meta name=\"description\" content=\"Femivoz propose un entra\u00eenement vocal acteurs qui permettra \u00e0 l\u2019artiste de renforcer tous ses param\u00e8tres vocaux et d&#039;avoir une dynamique.\" \/>\n<meta name=\"robots\" content=\"index, follow, max-snippet:-1, max-image-preview:large, max-video-preview:-1\" \/>\n<link rel=\"canonical\" href=\"https:\/\/femivoz.es\/fr\/travail-vocal-acteurs\/\" \/>\n<meta property=\"og:locale\" content=\"fr_FR\" \/>\n<meta property=\"og:type\" content=\"article\" \/>\n<meta property=\"og:title\" content=\"Entra\u00eenement vocal pour les professionnels du th\u00e9\u00e2tre, du cin\u00e9ma et de la sc\u00e8ne\" \/>\n<meta property=\"og:description\" content=\"Femivoz propose un entra\u00eenement vocal acteurs qui permettra \u00e0 l\u2019artiste de renforcer tous ses param\u00e8tres vocaux et d&#039;avoir une dynamique.\" \/>\n<meta property=\"og:url\" content=\"https:\/\/femivoz.es\/fr\/travail-vocal-acteurs\/\" \/>\n<meta property=\"og:site_name\" content=\"Femivoz\" \/>\n<meta property=\"article:publisher\" content=\"https:\/\/www.facebook.com\/femivoz\" \/>\n<meta property=\"article:modified_time\" content=\"2023-12-02T19:01:18+00:00\" \/>\n<meta property=\"og:image\" content=\"https:\/\/femivoz.es\/wp-content\/uploads\/2021\/11\/MARIELA-BLOG.png\" \/>\n\t<meta property=\"og:image:width\" content=\"1080\" \/>\n\t<meta property=\"og:image:height\" content=\"1400\" \/>\n\t<meta property=\"og:image:type\" content=\"image\/png\" \/>\n<meta name=\"twitter:card\" content=\"summary_large_image\" \/>\n<meta name=\"twitter:site\" content=\"@femivoz\" \/>\n<meta name=\"twitter:label1\" content=\"Dur\u00e9e de lecture estim\u00e9e\" \/>\n\t<meta name=\"twitter:data1\" content=\"2 minutes\" \/>\n<script type=\"application\/ld+json\" class=\"yoast-schema-graph\">{\"@context\":\"https:\/\/schema.org\",\"@graph\":[{\"@type\":\"WebPage\",\"@id\":\"https:\/\/femivoz.es\/fr\/travail-vocal-acteurs\/\",\"url\":\"https:\/\/femivoz.es\/fr\/travail-vocal-acteurs\/\",\"name\":\"Entra\u00eenement vocal acteurs | Coaching vocal Femivoz\",\"isPartOf\":{\"@id\":\"https:\/\/femivoz.es\/fr\/#website\"},\"datePublished\":\"2021-02-23T07:10:29+00:00\",\"dateModified\":\"2023-12-02T19:01:18+00:00\",\"description\":\"Femivoz propose un entra\u00eenement vocal acteurs qui permettra \u00e0 l\u2019artiste de renforcer tous ses param\u00e8tres vocaux et d'avoir une dynamique.\",\"breadcrumb\":{\"@id\":\"https:\/\/femivoz.es\/fr\/travail-vocal-acteurs\/#breadcrumb\"},\"inLanguage\":\"fr-FR\",\"potentialAction\":[{\"@type\":\"ReadAction\",\"target\":[\"https:\/\/femivoz.es\/fr\/travail-vocal-acteurs\/\"]}]},{\"@type\":\"BreadcrumbList\",\"@id\":\"https:\/\/femivoz.es\/fr\/travail-vocal-acteurs\/#breadcrumb\",\"itemListElement\":[{\"@type\":\"ListItem\",\"position\":1,\"name\":\"Portada\",\"item\":\"https:\/\/femivoz.es\/\"},{\"@type\":\"ListItem\",\"position\":2,\"name\":\"Entra\u00eenement vocal pour les professionnels du th\u00e9\u00e2tre, du cin\u00e9ma et de la sc\u00e8ne\"}]},{\"@type\":\"WebSite\",\"@id\":\"https:\/\/femivoz.es\/fr\/#website\",\"url\":\"https:\/\/femivoz.es\/fr\/\",\"name\":\"Femivoz\",\"description\":\"F\u00e9minisation de la voix en ligne avec la logop\u00e8de Mariela Astudillo. S\u00e9ances en ligne. 1\u00ba RDV Gratuit.\",\"publisher\":{\"@id\":\"https:\/\/femivoz.es\/fr\/#organization\"},\"potentialAction\":[{\"@type\":\"SearchAction\",\"target\":{\"@type\":\"EntryPoint\",\"urlTemplate\":\"https:\/\/femivoz.es\/fr\/?s={search_term_string}\"},\"query-input\":{\"@type\":\"PropertyValueSpecification\",\"valueRequired\":true,\"valueName\":\"search_term_string\"}}],\"inLanguage\":\"fr-FR\"},{\"@type\":\"Organization\",\"@id\":\"https:\/\/femivoz.es\/fr\/#organization\",\"name\":\"FEMIVOZ\",\"url\":\"https:\/\/femivoz.es\/fr\/\",\"logo\":{\"@type\":\"ImageObject\",\"inLanguage\":\"fr-FR\",\"@id\":\"https:\/\/femivoz.es\/fr\/#\/schema\/logo\/image\/\",\"url\":\"https:\/\/femivoz.es\/wp-content\/uploads\/2018\/05\/Logo-femivoz-2018-HD-B.png\",\"contentUrl\":\"https:\/\/femivoz.es\/wp-content\/uploads\/2018\/05\/Logo-femivoz-2018-HD-B.png\",\"width\":2210,\"height\":658,\"caption\":\"FEMIVOZ\"},\"image\":{\"@id\":\"https:\/\/femivoz.es\/fr\/#\/schema\/logo\/image\/\"},\"sameAs\":[\"https:\/\/www.facebook.com\/femivoz\",\"https:\/\/x.com\/femivoz\",\"https:\/\/www.instagram.com\/femivoz\/\",\"https:\/\/www.linkedin.com\/in\/femivoz-mariela-astudillo-1401ab21a\/\",\"https:\/\/www.youtube.com\/channel\/UC33Zf-WKvD_Gd_tosA47SFw\"]}]}<\/script>\n<!-- \/ Yoast SEO Premium plugin. -->","yoast_head_json":{"title":"Entra\u00eenement vocal acteurs | Coaching vocal Femivoz","description":"Femivoz propose un entra\u00eenement vocal acteurs qui permettra \u00e0 l\u2019artiste de renforcer tous ses param\u00e8tres vocaux et d'avoir une dynamique.","robots":{"index":"index","follow":"follow","max-snippet":"max-snippet:-1","max-image-preview":"max-image-preview:large","max-video-preview":"max-video-preview:-1"},"canonical":"https:\/\/femivoz.es\/fr\/travail-vocal-acteurs\/","og_locale":"fr_FR","og_type":"article","og_title":"Entra\u00eenement vocal pour les professionnels du th\u00e9\u00e2tre, du cin\u00e9ma et de la sc\u00e8ne","og_description":"Femivoz propose un entra\u00eenement vocal acteurs qui permettra \u00e0 l\u2019artiste de renforcer tous ses param\u00e8tres vocaux et d'avoir une dynamique.","og_url":"https:\/\/femivoz.es\/fr\/travail-vocal-acteurs\/","og_site_name":"Femivoz","article_publisher":"https:\/\/www.facebook.com\/femivoz","article_modified_time":"2023-12-02T19:01:18+00:00","og_image":[{"width":1080,"height":1400,"url":"https:\/\/femivoz.es\/wp-content\/uploads\/2021\/11\/MARIELA-BLOG.png","type":"image\/png"}],"twitter_card":"summary_large_image","twitter_site":"@femivoz","twitter_misc":{"Dur\u00e9e de lecture estim\u00e9e":"2 minutes"},"schema":{"@context":"https:\/\/schema.org","@graph":[{"@type":"WebPage","@id":"https:\/\/femivoz.es\/fr\/travail-vocal-acteurs\/","url":"https:\/\/femivoz.es\/fr\/travail-vocal-acteurs\/","name":"Entra\u00eenement vocal acteurs | Coaching vocal Femivoz","isPartOf":{"@id":"https:\/\/femivoz.es\/fr\/#website"},"datePublished":"2021-02-23T07:10:29+00:00","dateModified":"2023-12-02T19:01:18+00:00","description":"Femivoz propose un entra\u00eenement vocal acteurs qui permettra \u00e0 l\u2019artiste de renforcer tous ses param\u00e8tres vocaux et d'avoir une dynamique.","breadcrumb":{"@id":"https:\/\/femivoz.es\/fr\/travail-vocal-acteurs\/#breadcrumb"},"inLanguage":"fr-FR","potentialAction":[{"@type":"ReadAction","target":["https:\/\/femivoz.es\/fr\/travail-vocal-acteurs\/"]}]},{"@type":"BreadcrumbList","@id":"https:\/\/femivoz.es\/fr\/travail-vocal-acteurs\/#breadcrumb","itemListElement":[{"@type":"ListItem","position":1,"name":"Portada","item":"https:\/\/femivoz.es\/"},{"@type":"ListItem","position":2,"name":"Entra\u00eenement vocal pour les professionnels du th\u00e9\u00e2tre, du cin\u00e9ma et de la sc\u00e8ne"}]},{"@type":"WebSite","@id":"https:\/\/femivoz.es\/fr\/#website","url":"https:\/\/femivoz.es\/fr\/","name":"Femivoz","description":"F\u00e9minisation de la voix en ligne avec la logop\u00e8de Mariela Astudillo. S\u00e9ances en ligne. 1\u00ba RDV Gratuit.","publisher":{"@id":"https:\/\/femivoz.es\/fr\/#organization"},"potentialAction":[{"@type":"SearchAction","target":{"@type":"EntryPoint","urlTemplate":"https:\/\/femivoz.es\/fr\/?s={search_term_string}"},"query-input":{"@type":"PropertyValueSpecification","valueRequired":true,"valueName":"search_term_string"}}],"inLanguage":"fr-FR"},{"@type":"Organization","@id":"https:\/\/femivoz.es\/fr\/#organization","name":"FEMIVOZ","url":"https:\/\/femivoz.es\/fr\/","logo":{"@type":"ImageObject","inLanguage":"fr-FR","@id":"https:\/\/femivoz.es\/fr\/#\/schema\/logo\/image\/","url":"https:\/\/femivoz.es\/wp-content\/uploads\/2018\/05\/Logo-femivoz-2018-HD-B.png","contentUrl":"https:\/\/femivoz.es\/wp-content\/uploads\/2018\/05\/Logo-femivoz-2018-HD-B.png","width":2210,"height":658,"caption":"FEMIVOZ"},"image":{"@id":"https:\/\/femivoz.es\/fr\/#\/schema\/logo\/image\/"},"sameAs":["https:\/\/www.facebook.com\/femivoz","https:\/\/x.com\/femivoz","https:\/\/www.instagram.com\/femivoz\/","https:\/\/www.linkedin.com\/in\/femivoz-mariela-astudillo-1401ab21a\/","https:\/\/www.youtube.com\/channel\/UC33Zf-WKvD_Gd_tosA47SFw"]}]}},"_links":{"self":[{"href":"https:\/\/femivoz.es\/fr\/wp-json\/wp\/v2\/pages\/15283","targetHints":{"allow":["GET"]}}],"collection":[{"href":"https:\/\/femivoz.es\/fr\/wp-json\/wp\/v2\/pages"}],"about":[{"href":"https:\/\/femivoz.es\/fr\/wp-json\/wp\/v2\/types\/page"}],"author":[{"embeddable":true,"href":"https:\/\/femivoz.es\/fr\/wp-json\/wp\/v2\/users\/367"}],"replies":[{"embeddable":true,"href":"https:\/\/femivoz.es\/fr\/wp-json\/wp\/v2\/comments?post=15283"}],"version-history":[{"count":9,"href":"https:\/\/femivoz.es\/fr\/wp-json\/wp\/v2\/pages\/15283\/revisions"}],"predecessor-version":[{"id":50429,"href":"https:\/\/femivoz.es\/fr\/wp-json\/wp\/v2\/pages\/15283\/revisions\/50429"}],"wp:attachment":[{"href":"https:\/\/femivoz.es\/fr\/wp-json\/wp\/v2\/media?parent=15283"}],"curies":[{"name":"wp","href":"https:\/\/api.w.org\/{rel}","templated":true}]}}