{"id":17495,"date":"2021-04-13T15:48:02","date_gmt":"2021-04-13T15:48:03","guid":{"rendered":"https:\/\/femivoz.es\/?post_type=product&#038;p=17495"},"modified":"2021-09-14T10:14:17","modified_gmt":"2021-09-14T10:14:17","slug":"cahier-exercices-pdf","status":"publish","type":"product","link":"https:\/\/femivoz.es\/fr\/producto\/cahier-exercices-pdf\/","title":{"rendered":"Cahier d&rsquo;exercices PDF"},"content":{"rendered":"<p><span style=\"font-weight: 400;\">L\u2019<a href=\"https:\/\/femivoz.es\/fr\/livre-pour-enfants-transgenerisme-emilie\/\">histoire d\u2019\u00c9milie<\/a> constitue un formidable point de d\u00e9part vers des activit\u00e9s d\u2019ouverture du c\u0153ur et de la conscience au sein de la classe ou tout autre groupe constitu\u00e9 d\u2019enfants.<\/span><\/p>\n<p><span style=\"font-weight: 400;\">Cette <a href=\"https:\/\/youtu.be\/QqfMmPeiytw\">ouverture<\/a> englobe des valeurs humaines fondamentales telles que la bienveillance, l\u2019empathie, le non-jugement, la consid\u00e9ration de l\u2019autre dans toute sa diff\u00e9rence, l\u2019expression et la gestion des \u00e9motions, le respect, l\u2019\u00e9coute et la vuln\u00e9rabilit\u00e9.\u00a0<\/span><\/p>\n<p><span style=\"font-weight: 400;\">L\u2019apprentissage, d\u00e8s le plus jeune \u00e2ge, de l\u2019expression libre des peurs, des frustrations et des doutes, par exemple, favorise l\u2019\u00e9mergence d\u2019un climat rassurant propice \u00e0 un d\u00e9veloppement personnel \u00e9panouissant de chacun o\u00f9 la libert\u00e9 d\u2019\u00eatre soi est mise au centre.\u00a0<\/span><\/p>\n<p><span style=\"font-weight: 400;\">La vie scolaire peut parfois \u00eatre v\u00e9cue comme injuste et prioriser davantage la comp\u00e9titivit\u00e9, l\u2019individualisme et les in\u00e9galit\u00e9s, notions qui ne sont que le reflet de la soci\u00e9t\u00e9 occidentale moderne, face \u00e0 la tol\u00e9rance, la coop\u00e9ration et le partage, valeurs tout aussi essentielles. Des \u00e9tudes en psychologie de l\u2019\u00e9ducation d\u00e9montrent pourtant clairement les effets positifs d\u2019une approche \u201cplus affective\u201d \u00e0 l\u2019\u00e9cole, autant entre l\u2019enseignant et les \u00e9l\u00e8ves qu\u2019entre les \u00e9coliers eux-m\u00eames. La bienveillance augmente la confiance en soi et de ce fait, am\u00e9liore les comp\u00e9tences sociales et personnelles de chacun.<\/span><\/p>\n<p><span style=\"font-weight: 400;\">Dans ce cas, notre protagoniste, \u00c9milie, est une petite fille transgenre, \u00e0 savoir qu\u2019elle est n\u00e9e avec des attributs physiques masculins, mais dispose d\u2019une identit\u00e9 f\u00e9minine, ce qui la met au centre de situations difficiles \u00e0 vivre. Via son histoire, ce qui est mis en relief, ce n\u2019est pas la diff\u00e9rence en soi, mais bien comment les autres la per\u00e7oivent et r\u00e9agissent par le prisme de cette diff\u00e9rence. Mais, finalement, nos diff\u00e9rences ne sont-elles pas ce qui nous rend uniques et nous enrichit les uns les autres?<\/span><\/p>\n<p><span style=\"font-weight: 400;\">Ce cahier peut \u00eatre employ\u00e9 comme outil compl\u00e9mentaire \u00e0 l\u2019histoire d\u2019\u00c9milie afin de sensibiliser les enfants au sujet de la transidentit\u00e9, mais il est aussi tout \u00e0 fait possible de l\u2019utiliser comme support \u00e0 tout autre activit\u00e9 ludique destin\u00e9e \u00e0 l\u2019\u00e9veil de la conscience de chacun. Le but \u00e9tant d\u2019\u00e9duquer les enfants au respect de soi et d\u2019autrui, de r\u00e9fl\u00e9chir, de ressentir et d\u2019exprimer les \u00e9motions, de d\u00e9velopper l\u2019empathie et la tol\u00e9rance afin de mener ces enfants \u00e0 \u00eatre des adultes plus conscients et \u00e9panouis.<\/span><\/p>\n<p><span style=\"font-weight: 400;\">Ces exercices et jeux ont \u00e9t\u00e9 con\u00e7us pour des enfants de 5 \u00e0 10 ans. Bien s\u00fbr, l\u2019adulte en charge du groupe peut adapter les activit\u00e9s en fonction de l\u2019\u00e2ge et du nombre d\u2019enfants.<\/span><\/p>\n<p>&nbsp;<\/p>\n<p><strong>SOMMAIRE<\/strong><\/p>\n<p>Introduction &#8230;&#8230;&#8230;&#8230;&#8230;&#8230;&#8230;&#8230;&#8230;&#8230;&#8230;&#8230;&#8230;&#8230;&#8230;&#8230;&#8230;&#8230;&#8230;&#8230;&#8230;&#8230;&#8230;&#8230;&#8230;&#8230;&#8230;&#8230;&#8230;&#8230;&#8230;&#8230;&#8230;&#8230;. page 2<\/p>\n<p>Fiche 1 : R\u00e9flexion sur l\u2019histoire d\u2019 \u00c9milie &#8230;&#8230;&#8230;&#8230;&#8230;&#8230;&#8230;&#8230;&#8230;&#8230;&#8230;&#8230;&#8230;&#8230;&#8230;&#8230;&#8230;&#8230;. page 3<\/p>\n<p>Fiche 2 : Comment se sent \u00c9milie ? &#8230;&#8230;&#8230;&#8230;&#8230;&#8230;&#8230;&#8230;&#8230;&#8230;&#8230;&#8230;&#8230;&#8230;&#8230;&#8230;&#8230;&#8230;&#8230;&#8230;&#8230;. page 5<\/p>\n<p>Fiche 3 : Le d\u00e9 des \u00e9motions &#8230;&#8230;&#8230;&#8230;&#8230;&#8230;&#8230;&#8230;&#8230;&#8230;&#8230;&#8230;&#8230;&#8230;&#8230;&#8230;&#8230;&#8230;&#8230;&#8230;&#8230;&#8230;&#8230;&#8230;&#8230; page 7<\/p>\n<p>Fiche 4 : Le jeu des diff\u00e9rences &#8230;&#8230;&#8230;&#8230;&#8230;&#8230;&#8230;&#8230;&#8230;&#8230;&#8230;&#8230;&#8230;&#8230;&#8230;&#8230;&#8230;&#8230;&#8230;&#8230;&#8230;&#8230;&#8230;.. page 9<\/p>\n<p>Fiche 5 : La douche chaude &#8230;&#8230;&#8230;&#8230;&#8230;&#8230;&#8230;&#8230;&#8230;&#8230;&#8230;&#8230;&#8230;&#8230;&#8230;&#8230;&#8230;&#8230;&#8230;&#8230;&#8230;&#8230;&#8230;&#8230;&#8230;.. page 10<\/p>\n<p>Fiche 6 : Le jeu de la statue &#8230;&#8230;&#8230;&#8230;&#8230;&#8230;&#8230;&#8230;&#8230;&#8230;&#8230;&#8230;&#8230;&#8230;&#8230;&#8230;&#8230;&#8230;&#8230;&#8230;&#8230;&#8230;&#8230;&#8230;&#8230;.. page 11<\/p>\n<p>Fiche 7 : Le d\u00e9codage des \u00e9motions &#8230;&#8230;&#8230;&#8230;&#8230;&#8230;&#8230;&#8230;&#8230;&#8230;&#8230;&#8230;&#8230;&#8230;&#8230;&#8230;&#8230;&#8230;&#8230;&#8230;.. page 13<\/p>\n<p>Fiche 8 : Les st\u00e9r\u00e9otypes &#8230;&#8230;&#8230;&#8230;&#8230;&#8230;&#8230;&#8230;&#8230;&#8230;&#8230;&#8230;&#8230;&#8230;&#8230;&#8230;&#8230;&#8230;&#8230;&#8230;&#8230;&#8230;&#8230;&#8230;&#8230;&#8230;&#8230;. page 15<\/p>\n<p>Fiche 9 : La bo\u00eete des sentiments &#8230;&#8230;&#8230;&#8230;&#8230;&#8230;&#8230;&#8230;&#8230;&#8230;&#8230;&#8230;&#8230;&#8230;&#8230;&#8230;&#8230;&#8230;&#8230;&#8230;&#8230;&#8230;.. page 17<\/p>\n<p>Conclusion &#8230;&#8230;&#8230;&#8230;&#8230;&#8230;&#8230;&#8230;&#8230;&#8230;&#8230;&#8230;&#8230;&#8230;&#8230;&#8230;&#8230;&#8230;&#8230;&#8230;&#8230;&#8230;&#8230;&#8230;&#8230;&#8230;&#8230;&#8230;&#8230;&#8230;&#8230;&#8230;&#8230;&#8230;&#8230;. page 18<\/p>\n<p>Le jeu des 7 diff\u00e9rences&#8230;&#8230;&#8230;&#8230;&#8230;&#8230;&#8230;&#8230;&#8230;&#8230;&#8230;&#8230;&#8230;&#8230;&#8230;&#8230;&#8230;&#8230;&#8230;&#8230;&#8230;&#8230;&#8230;&#8230;&#8230;&#8230;&#8230;&#8230;. page 19<\/p>\n<p>Dessins \u00e0 colorier &#8230;&#8230;&#8230;&#8230;&#8230;&#8230;&#8230;&#8230;&#8230;&#8230;&#8230;&#8230;&#8230;&#8230;&#8230;&#8230;&#8230;&#8230;&#8230;&#8230;&#8230;&#8230;&#8230;&#8230;&#8230;&#8230;&#8230;&#8230;&#8230;&#8230;&#8230;.. page 21<\/p>\n","protected":false},"excerpt":{"rendered":"<div>FICHIER PDF T\u00c9L\u00c9CHARGEABLE<\/div>\n<div><\/div>\n<div class=\"\"><span class=\"\"><strong>Auteur<\/strong> : <\/span><span class=\"\">Mariela Astudillo Ram\u00edrez<\/span><\/div>\n<div><\/div>\n<div><\/div>\n","protected":false},"featured_media":16426,"template":"","meta":{"_acf_changed":false},"product_brand":[],"product_cat":[52],"product_tag":[],"class_list":{"0":"post-17495","1":"product","2":"type-product","3":"status-publish","4":"has-post-thumbnail","6":"product_cat-livre","7":"product_shipping_class-libro-emilie-fr","9":"first","10":"instock","11":"downloadable","12":"virtual","13":"taxable","14":"purchasable","15":"product-type-simple"},"acf":[],"yoast_head":"<!-- This site is optimized with the Yoast SEO Premium plugin v19.6 (Yoast SEO v26.7) - https:\/\/yoast.com\/wordpress\/plugins\/seo\/ -->\n<title>Cahier d&#039;exercices PDF | Coaching vocal Femivoz<\/title>\n<meta name=\"description\" content=\"D\u00e9couvrez d\u00e8s aujourd&#039;hui le cahier d&#039;exercices PDF. Un cahier peut \u00eatre employ\u00e9 comme outil compl\u00e9mentaire \u00e0 l\u2019histoire d\u2019\u00c9milie.\" \/>\n<meta name=\"robots\" content=\"index, follow, max-snippet:-1, max-image-preview:large, max-video-preview:-1\" \/>\n<link rel=\"canonical\" href=\"https:\/\/femivoz.es\/producto\/cuaderno-de-ejercicios-si-si-soy-una-nina-pdf\/\" \/>\n<meta property=\"og:locale\" content=\"fr_FR\" \/>\n<meta property=\"og:type\" content=\"article\" \/>\n<meta property=\"og:title\" content=\"Cahier d&#039;exercices PDF\" \/>\n<meta property=\"og:description\" content=\"D\u00e9couvrez d\u00e8s aujourd&#039;hui le cahier d&#039;exercices PDF. Un cahier peut \u00eatre employ\u00e9 comme outil compl\u00e9mentaire \u00e0 l\u2019histoire d\u2019\u00c9milie.\" \/>\n<meta property=\"og:url\" content=\"https:\/\/femivoz.es\/producto\/cuaderno-de-ejercicios-si-si-soy-una-nina-pdf\/\" \/>\n<meta property=\"og:site_name\" content=\"Femivoz\" \/>\n<meta property=\"article:publisher\" content=\"https:\/\/www.facebook.com\/femivoz\" \/>\n<meta property=\"article:modified_time\" content=\"2021-09-14T10:14:17+00:00\" \/>\n<meta property=\"og:image\" content=\"https:\/\/femivoz.es\/wp-content\/uploads\/2021\/03\/2-3-1024x828.png\" \/>\n\t<meta property=\"og:image:width\" content=\"1024\" \/>\n\t<meta property=\"og:image:height\" content=\"828\" \/>\n\t<meta property=\"og:image:type\" content=\"image\/png\" \/>\n<meta name=\"twitter:card\" content=\"summary_large_image\" \/>\n<meta name=\"twitter:site\" content=\"@femivoz\" \/>\n<meta name=\"twitter:label1\" content=\"Dur\u00e9e de lecture estim\u00e9e\" \/>\n\t<meta name=\"twitter:data1\" content=\"3 minutes\" \/>\n<script type=\"application\/ld+json\" class=\"yoast-schema-graph\">{\"@context\":\"https:\/\/schema.org\",\"@graph\":[{\"@type\":\"WebPage\",\"@id\":\"https:\/\/femivoz.es\/producto\/cuaderno-de-ejercicios-si-si-soy-una-nina-pdf\/\",\"url\":\"https:\/\/femivoz.es\/producto\/cuaderno-de-ejercicios-si-si-soy-una-nina-pdf\/\",\"name\":\"Cahier d'exercices PDF | Coaching vocal Femivoz\",\"isPartOf\":{\"@id\":\"https:\/\/femivoz.es\/fr\/#website\"},\"primaryImageOfPage\":{\"@id\":\"https:\/\/femivoz.es\/producto\/cuaderno-de-ejercicios-si-si-soy-una-nina-pdf\/#primaryimage\"},\"image\":{\"@id\":\"https:\/\/femivoz.es\/producto\/cuaderno-de-ejercicios-si-si-soy-una-nina-pdf\/#primaryimage\"},\"thumbnailUrl\":\"https:\/\/femivoz.es\/wp-content\/uploads\/2021\/03\/2-3.png\",\"datePublished\":\"2021-04-13T15:48:03+00:00\",\"dateModified\":\"2021-09-14T10:14:17+00:00\",\"description\":\"D\u00e9couvrez d\u00e8s aujourd'hui le cahier d'exercices PDF. Un cahier peut \u00eatre employ\u00e9 comme outil compl\u00e9mentaire \u00e0 l\u2019histoire d\u2019\u00c9milie.\",\"breadcrumb\":{\"@id\":\"https:\/\/femivoz.es\/producto\/cuaderno-de-ejercicios-si-si-soy-una-nina-pdf\/#breadcrumb\"},\"inLanguage\":\"fr-FR\",\"potentialAction\":[{\"@type\":\"ReadAction\",\"target\":[\"https:\/\/femivoz.es\/producto\/cuaderno-de-ejercicios-si-si-soy-una-nina-pdf\/\"]}]},{\"@type\":\"ImageObject\",\"inLanguage\":\"fr-FR\",\"@id\":\"https:\/\/femivoz.es\/producto\/cuaderno-de-ejercicios-si-si-soy-una-nina-pdf\/#primaryimage\",\"url\":\"https:\/\/femivoz.es\/wp-content\/uploads\/2021\/03\/2-3.png\",\"contentUrl\":\"https:\/\/femivoz.es\/wp-content\/uploads\/2021\/03\/2-3.png\",\"width\":1536,\"height\":1242,\"caption\":\"cahier d'exercices \u00e9milie\"},{\"@type\":\"BreadcrumbList\",\"@id\":\"https:\/\/femivoz.es\/producto\/cuaderno-de-ejercicios-si-si-soy-una-nina-pdf\/#breadcrumb\",\"itemListElement\":[{\"@type\":\"ListItem\",\"position\":1,\"name\":\"Portada\",\"item\":\"https:\/\/femivoz.es\/\"},{\"@type\":\"ListItem\",\"position\":2,\"name\":\"Boutique\",\"item\":\"https:\/\/femivoz.es\/fr\/boutique\/\"},{\"@type\":\"ListItem\",\"position\":3,\"name\":\"Cahier d&#8217;exercices PDF\"}]},{\"@type\":\"WebSite\",\"@id\":\"https:\/\/femivoz.es\/fr\/#website\",\"url\":\"https:\/\/femivoz.es\/fr\/\",\"name\":\"Femivoz\",\"description\":\"F\u00e9minisation de la voix en ligne avec la logop\u00e8de Mariela Astudillo. S\u00e9ances en ligne. 1\u00ba RDV Gratuit.\",\"publisher\":{\"@id\":\"https:\/\/femivoz.es\/fr\/#organization\"},\"potentialAction\":[{\"@type\":\"SearchAction\",\"target\":{\"@type\":\"EntryPoint\",\"urlTemplate\":\"https:\/\/femivoz.es\/fr\/?s={search_term_string}\"},\"query-input\":{\"@type\":\"PropertyValueSpecification\",\"valueRequired\":true,\"valueName\":\"search_term_string\"}}],\"inLanguage\":\"fr-FR\"},{\"@type\":\"Organization\",\"@id\":\"https:\/\/femivoz.es\/fr\/#organization\",\"name\":\"FEMIVOZ\",\"url\":\"https:\/\/femivoz.es\/fr\/\",\"logo\":{\"@type\":\"ImageObject\",\"inLanguage\":\"fr-FR\",\"@id\":\"https:\/\/femivoz.es\/fr\/#\/schema\/logo\/image\/\",\"url\":\"https:\/\/femivoz.es\/wp-content\/uploads\/2018\/05\/Logo-femivoz-2018-HD-B.png\",\"contentUrl\":\"https:\/\/femivoz.es\/wp-content\/uploads\/2018\/05\/Logo-femivoz-2018-HD-B.png\",\"width\":2210,\"height\":658,\"caption\":\"FEMIVOZ\"},\"image\":{\"@id\":\"https:\/\/femivoz.es\/fr\/#\/schema\/logo\/image\/\"},\"sameAs\":[\"https:\/\/www.facebook.com\/femivoz\",\"https:\/\/x.com\/femivoz\",\"https:\/\/www.instagram.com\/femivoz\/\",\"https:\/\/www.linkedin.com\/in\/femivoz-mariela-astudillo-1401ab21a\/\",\"https:\/\/www.youtube.com\/channel\/UC33Zf-WKvD_Gd_tosA47SFw\"]}]}<\/script>\n<!-- \/ Yoast SEO Premium plugin. -->","yoast_head_json":{"title":"Cahier d'exercices PDF | Coaching vocal Femivoz","description":"D\u00e9couvrez d\u00e8s aujourd'hui le cahier d'exercices PDF. Un cahier peut \u00eatre employ\u00e9 comme outil compl\u00e9mentaire \u00e0 l\u2019histoire d\u2019\u00c9milie.","robots":{"index":"index","follow":"follow","max-snippet":"max-snippet:-1","max-image-preview":"max-image-preview:large","max-video-preview":"max-video-preview:-1"},"canonical":"https:\/\/femivoz.es\/producto\/cuaderno-de-ejercicios-si-si-soy-una-nina-pdf\/","og_locale":"fr_FR","og_type":"article","og_title":"Cahier d'exercices PDF","og_description":"D\u00e9couvrez d\u00e8s aujourd'hui le cahier d'exercices PDF. Un cahier peut \u00eatre employ\u00e9 comme outil compl\u00e9mentaire \u00e0 l\u2019histoire d\u2019\u00c9milie.","og_url":"https:\/\/femivoz.es\/producto\/cuaderno-de-ejercicios-si-si-soy-una-nina-pdf\/","og_site_name":"Femivoz","article_publisher":"https:\/\/www.facebook.com\/femivoz","article_modified_time":"2021-09-14T10:14:17+00:00","og_image":[{"width":1024,"height":828,"url":"https:\/\/femivoz.es\/wp-content\/uploads\/2021\/03\/2-3-1024x828.png","type":"image\/png"}],"twitter_card":"summary_large_image","twitter_site":"@femivoz","twitter_misc":{"Dur\u00e9e de lecture estim\u00e9e":"3 minutes"},"schema":{"@context":"https:\/\/schema.org","@graph":[{"@type":"WebPage","@id":"https:\/\/femivoz.es\/producto\/cuaderno-de-ejercicios-si-si-soy-una-nina-pdf\/","url":"https:\/\/femivoz.es\/producto\/cuaderno-de-ejercicios-si-si-soy-una-nina-pdf\/","name":"Cahier d'exercices PDF | Coaching vocal Femivoz","isPartOf":{"@id":"https:\/\/femivoz.es\/fr\/#website"},"primaryImageOfPage":{"@id":"https:\/\/femivoz.es\/producto\/cuaderno-de-ejercicios-si-si-soy-una-nina-pdf\/#primaryimage"},"image":{"@id":"https:\/\/femivoz.es\/producto\/cuaderno-de-ejercicios-si-si-soy-una-nina-pdf\/#primaryimage"},"thumbnailUrl":"https:\/\/femivoz.es\/wp-content\/uploads\/2021\/03\/2-3.png","datePublished":"2021-04-13T15:48:03+00:00","dateModified":"2021-09-14T10:14:17+00:00","description":"D\u00e9couvrez d\u00e8s aujourd'hui le cahier d'exercices PDF. Un cahier peut \u00eatre employ\u00e9 comme outil compl\u00e9mentaire \u00e0 l\u2019histoire d\u2019\u00c9milie.","breadcrumb":{"@id":"https:\/\/femivoz.es\/producto\/cuaderno-de-ejercicios-si-si-soy-una-nina-pdf\/#breadcrumb"},"inLanguage":"fr-FR","potentialAction":[{"@type":"ReadAction","target":["https:\/\/femivoz.es\/producto\/cuaderno-de-ejercicios-si-si-soy-una-nina-pdf\/"]}]},{"@type":"ImageObject","inLanguage":"fr-FR","@id":"https:\/\/femivoz.es\/producto\/cuaderno-de-ejercicios-si-si-soy-una-nina-pdf\/#primaryimage","url":"https:\/\/femivoz.es\/wp-content\/uploads\/2021\/03\/2-3.png","contentUrl":"https:\/\/femivoz.es\/wp-content\/uploads\/2021\/03\/2-3.png","width":1536,"height":1242,"caption":"cahier d'exercices \u00e9milie"},{"@type":"BreadcrumbList","@id":"https:\/\/femivoz.es\/producto\/cuaderno-de-ejercicios-si-si-soy-una-nina-pdf\/#breadcrumb","itemListElement":[{"@type":"ListItem","position":1,"name":"Portada","item":"https:\/\/femivoz.es\/"},{"@type":"ListItem","position":2,"name":"Boutique","item":"https:\/\/femivoz.es\/fr\/boutique\/"},{"@type":"ListItem","position":3,"name":"Cahier d&#8217;exercices PDF"}]},{"@type":"WebSite","@id":"https:\/\/femivoz.es\/fr\/#website","url":"https:\/\/femivoz.es\/fr\/","name":"Femivoz","description":"F\u00e9minisation de la voix en ligne avec la logop\u00e8de Mariela Astudillo. S\u00e9ances en ligne. 1\u00ba RDV Gratuit.","publisher":{"@id":"https:\/\/femivoz.es\/fr\/#organization"},"potentialAction":[{"@type":"SearchAction","target":{"@type":"EntryPoint","urlTemplate":"https:\/\/femivoz.es\/fr\/?s={search_term_string}"},"query-input":{"@type":"PropertyValueSpecification","valueRequired":true,"valueName":"search_term_string"}}],"inLanguage":"fr-FR"},{"@type":"Organization","@id":"https:\/\/femivoz.es\/fr\/#organization","name":"FEMIVOZ","url":"https:\/\/femivoz.es\/fr\/","logo":{"@type":"ImageObject","inLanguage":"fr-FR","@id":"https:\/\/femivoz.es\/fr\/#\/schema\/logo\/image\/","url":"https:\/\/femivoz.es\/wp-content\/uploads\/2018\/05\/Logo-femivoz-2018-HD-B.png","contentUrl":"https:\/\/femivoz.es\/wp-content\/uploads\/2018\/05\/Logo-femivoz-2018-HD-B.png","width":2210,"height":658,"caption":"FEMIVOZ"},"image":{"@id":"https:\/\/femivoz.es\/fr\/#\/schema\/logo\/image\/"},"sameAs":["https:\/\/www.facebook.com\/femivoz","https:\/\/x.com\/femivoz","https:\/\/www.instagram.com\/femivoz\/","https:\/\/www.linkedin.com\/in\/femivoz-mariela-astudillo-1401ab21a\/","https:\/\/www.youtube.com\/channel\/UC33Zf-WKvD_Gd_tosA47SFw"]}]}},"_links":{"self":[{"href":"https:\/\/femivoz.es\/fr\/wp-json\/wp\/v2\/product\/17495","targetHints":{"allow":["GET"]}}],"collection":[{"href":"https:\/\/femivoz.es\/fr\/wp-json\/wp\/v2\/product"}],"about":[{"href":"https:\/\/femivoz.es\/fr\/wp-json\/wp\/v2\/types\/product"}],"wp:featuredmedia":[{"embeddable":true,"href":"https:\/\/femivoz.es\/fr\/wp-json\/wp\/v2\/media\/16426"}],"wp:attachment":[{"href":"https:\/\/femivoz.es\/fr\/wp-json\/wp\/v2\/media?parent=17495"}],"wp:term":[{"taxonomy":"product_brand","embeddable":true,"href":"https:\/\/femivoz.es\/fr\/wp-json\/wp\/v2\/product_brand?post=17495"},{"taxonomy":"product_cat","embeddable":true,"href":"https:\/\/femivoz.es\/fr\/wp-json\/wp\/v2\/product_cat?post=17495"},{"taxonomy":"product_tag","embeddable":true,"href":"https:\/\/femivoz.es\/fr\/wp-json\/wp\/v2\/product_tag?post=17495"}],"curies":[{"name":"wp","href":"https:\/\/api.w.org\/{rel}","templated":true}]}}