{"id":18709,"date":"2021-05-20T20:03:46","date_gmt":"2021-05-20T20:03:46","guid":{"rendered":"https:\/\/femivoz.es\/producto\/ebook-sisi-soy-una-nina\/"},"modified":"2021-12-17T08:36:56","modified_gmt":"2021-12-17T08:36:56","slug":"livre-si-si-je-suis-une-fille-version-ebook","status":"publish","type":"product","link":"https:\/\/femivoz.es\/fr\/producto\/livre-si-si-je-suis-une-fille-version-ebook\/","title":{"rendered":"\u00ab\u00a0Si, si, je suis une fille!\u00a0\u00bb Version eBook"},"content":{"rendered":"<p>\u00ab Si, si, je suis une fille ! \u00bb pr\u00e9sente l\u2019histoire d\u2019\u00c9milie, une fille transgenre qui doit faire face au monde qui l\u2019entoure, aux regards et aux moqueries, \u00e0 l\u2019incompr\u00e9hension\u2026 mais qui, petit \u00e0 petit, va d\u00e9couvrir et accepter sa diff\u00e9rence gr\u00e2ce au soutien de sa famille, de son \u00e9cole et de ses amis. Cet ouvrage peut \u00eatre employ\u00e9 comme outil didactique de sensibilisation dans les \u00e9coles, dans les collectifs et associations ou au sein de tout autre groupe soucieux de communiquer avec des enfants. L\u2019histoire d\u2019\u00c9milie peut \u00e9galement \u00eatre partag\u00e9e dans les foyers comptant ou non parmi leurs membres un enfant transgenre, afin d\u2019aider \u00e0 la compr\u00e9hension du transg\u00e9n\u00e9risme.<\/p>\n<p><strong>NOTE :<\/strong> les fichiers de t\u00e9l\u00e9chargement seront pr\u00e9sents sur la page de confirmation du paiement dans le cas des r\u00e8glements effectu\u00e9s par carte bancaire ou PayPal. Pour les r\u00e8glements effectu\u00e9s via virement bancaire, les fichiers seront envoy\u00e9s par e-mail une fois le r\u00e8glement per\u00e7u.<br \/>\n<strong>\u00a0<\/strong><br \/>\n<strong>Pour toute question, n&rsquo;h\u00e9sitez pas \u00e0 nous envoyer un WhatsApp au +34 625 14 46 47.<\/strong><\/p>\n","protected":false},"excerpt":{"rendered":"<div><strong>Version Kindle (Mobi) &amp; Nook (ePub)<\/strong><\/div>\n<div><\/div>\n<div class=\"\"><span class=\"\"><strong>Auteure :<\/strong> Mariela Astudillo Ram\u00edrez<\/span><\/div>\n<div class=\"\"><span class=\"\"><strong>Illustratrice :<\/strong> Gwendoline Couv\u00e9<\/span><\/div>\n<div class=\"\"><span class=\"\"><strong>Assistantes de r\u00e9daction :<\/strong>\u00a0Marianne Compart, Gwendoline Couv\u00e9, Marion Darcy<\/span><\/div>\n<div class=\"\"><span class=\"\"><strong>Editoriale :<\/strong>\u00a0Editorial C\u00edrculo Rojo<\/span><\/div>\n","protected":false},"featured_media":18672,"template":"","meta":{"_acf_changed":false},"product_brand":[],"product_cat":[154],"product_tag":[],"class_list":{"0":"post-18709","1":"product","2":"type-product","3":"status-publish","4":"has-post-thumbnail","6":"product_cat-ebook-fr","8":"first","9":"instock","10":"downloadable","11":"virtual","12":"taxable","13":"purchasable","14":"product-type-simple"},"acf":[],"yoast_head":"<!-- This site is optimized with the Yoast SEO Premium plugin v19.6 (Yoast SEO v26.7) - https:\/\/yoast.com\/wordpress\/plugins\/seo\/ -->\n<title>&quot;Si, si, je suis une fille!&quot; Version eBook | Femivoz<\/title>\n<meta name=\"description\" content=\"&quot;Si, si, je suis une fille!&quot;, un projet magnifique, qui nous guide dans le parcours d&#039;une petite fille transgenre.\" \/>\n<meta name=\"robots\" content=\"index, follow, max-snippet:-1, max-image-preview:large, max-video-preview:-1\" \/>\n<link rel=\"canonical\" href=\"https:\/\/femivoz.es\/producto\/version-ebook-si-si-soy-una-nina\/\" \/>\n<meta property=\"og:locale\" content=\"fr_FR\" \/>\n<meta property=\"og:type\" content=\"article\" \/>\n<meta property=\"og:title\" content=\"&quot;Si, si, je suis une fille!&quot; Version eBook\" \/>\n<meta property=\"og:description\" content=\"&quot;Si, si, je suis une fille!&quot;, un projet magnifique, qui nous guide dans le parcours d&#039;une petite fille transgenre.\" \/>\n<meta property=\"og:url\" content=\"https:\/\/femivoz.es\/producto\/version-ebook-si-si-soy-una-nina\/\" \/>\n<meta property=\"og:site_name\" content=\"Femivoz\" \/>\n<meta property=\"article:publisher\" content=\"https:\/\/www.facebook.com\/femivoz\" \/>\n<meta property=\"article:modified_time\" content=\"2021-12-17T08:36:56+00:00\" \/>\n<meta property=\"og:image\" content=\"https:\/\/femivoz.es\/wp-content\/uploads\/2021\/05\/fille.png\" \/>\n\t<meta property=\"og:image:width\" content=\"896\" \/>\n\t<meta property=\"og:image:height\" content=\"911\" \/>\n\t<meta property=\"og:image:type\" content=\"image\/png\" \/>\n<meta name=\"twitter:card\" content=\"summary_large_image\" \/>\n<meta name=\"twitter:site\" content=\"@femivoz\" \/>\n<meta name=\"twitter:label1\" content=\"Dur\u00e9e de lecture estim\u00e9e\" \/>\n\t<meta name=\"twitter:data1\" content=\"1 minute\" \/>\n<script type=\"application\/ld+json\" class=\"yoast-schema-graph\">{\"@context\":\"https:\/\/schema.org\",\"@graph\":[{\"@type\":\"WebPage\",\"@id\":\"https:\/\/femivoz.es\/producto\/version-ebook-si-si-soy-una-nina\/\",\"url\":\"https:\/\/femivoz.es\/producto\/version-ebook-si-si-soy-una-nina\/\",\"name\":\"\\\"Si, si, je suis une fille!\\\" Version eBook | Femivoz\",\"isPartOf\":{\"@id\":\"https:\/\/femivoz.es\/fr\/#website\"},\"primaryImageOfPage\":{\"@id\":\"https:\/\/femivoz.es\/producto\/version-ebook-si-si-soy-una-nina\/#primaryimage\"},\"image\":{\"@id\":\"https:\/\/femivoz.es\/producto\/version-ebook-si-si-soy-una-nina\/#primaryimage\"},\"thumbnailUrl\":\"https:\/\/femivoz.es\/wp-content\/uploads\/2021\/05\/fille.png\",\"datePublished\":\"2021-05-20T20:03:46+00:00\",\"dateModified\":\"2021-12-17T08:36:56+00:00\",\"description\":\"\\\"Si, si, je suis une fille!\\\", un projet magnifique, qui nous guide dans le parcours d'une petite fille transgenre.\",\"breadcrumb\":{\"@id\":\"https:\/\/femivoz.es\/producto\/version-ebook-si-si-soy-una-nina\/#breadcrumb\"},\"inLanguage\":\"fr-FR\",\"potentialAction\":[{\"@type\":\"ReadAction\",\"target\":[\"https:\/\/femivoz.es\/producto\/version-ebook-si-si-soy-una-nina\/\"]}]},{\"@type\":\"ImageObject\",\"inLanguage\":\"fr-FR\",\"@id\":\"https:\/\/femivoz.es\/producto\/version-ebook-si-si-soy-una-nina\/#primaryimage\",\"url\":\"https:\/\/femivoz.es\/wp-content\/uploads\/2021\/05\/fille.png\",\"contentUrl\":\"https:\/\/femivoz.es\/wp-content\/uploads\/2021\/05\/fille.png\",\"width\":896,\"height\":911},{\"@type\":\"BreadcrumbList\",\"@id\":\"https:\/\/femivoz.es\/producto\/version-ebook-si-si-soy-una-nina\/#breadcrumb\",\"itemListElement\":[{\"@type\":\"ListItem\",\"position\":1,\"name\":\"Portada\",\"item\":\"https:\/\/femivoz.es\/\"},{\"@type\":\"ListItem\",\"position\":2,\"name\":\"Boutique\",\"item\":\"https:\/\/femivoz.es\/fr\/boutique\/\"},{\"@type\":\"ListItem\",\"position\":3,\"name\":\"&#8220;Si, si, je suis une fille!&#8221; Version eBook\"}]},{\"@type\":\"WebSite\",\"@id\":\"https:\/\/femivoz.es\/fr\/#website\",\"url\":\"https:\/\/femivoz.es\/fr\/\",\"name\":\"Femivoz\",\"description\":\"F\u00e9minisation de la voix en ligne avec la logop\u00e8de Mariela Astudillo. S\u00e9ances en ligne. 1\u00ba RDV Gratuit.\",\"publisher\":{\"@id\":\"https:\/\/femivoz.es\/fr\/#organization\"},\"potentialAction\":[{\"@type\":\"SearchAction\",\"target\":{\"@type\":\"EntryPoint\",\"urlTemplate\":\"https:\/\/femivoz.es\/fr\/?s={search_term_string}\"},\"query-input\":{\"@type\":\"PropertyValueSpecification\",\"valueRequired\":true,\"valueName\":\"search_term_string\"}}],\"inLanguage\":\"fr-FR\"},{\"@type\":\"Organization\",\"@id\":\"https:\/\/femivoz.es\/fr\/#organization\",\"name\":\"FEMIVOZ\",\"url\":\"https:\/\/femivoz.es\/fr\/\",\"logo\":{\"@type\":\"ImageObject\",\"inLanguage\":\"fr-FR\",\"@id\":\"https:\/\/femivoz.es\/fr\/#\/schema\/logo\/image\/\",\"url\":\"https:\/\/femivoz.es\/wp-content\/uploads\/2018\/05\/Logo-femivoz-2018-HD-B.png\",\"contentUrl\":\"https:\/\/femivoz.es\/wp-content\/uploads\/2018\/05\/Logo-femivoz-2018-HD-B.png\",\"width\":2210,\"height\":658,\"caption\":\"FEMIVOZ\"},\"image\":{\"@id\":\"https:\/\/femivoz.es\/fr\/#\/schema\/logo\/image\/\"},\"sameAs\":[\"https:\/\/www.facebook.com\/femivoz\",\"https:\/\/x.com\/femivoz\",\"https:\/\/www.instagram.com\/femivoz\/\",\"https:\/\/www.linkedin.com\/in\/femivoz-mariela-astudillo-1401ab21a\/\",\"https:\/\/www.youtube.com\/channel\/UC33Zf-WKvD_Gd_tosA47SFw\"]}]}<\/script>\n<!-- \/ Yoast SEO Premium plugin. -->","yoast_head_json":{"title":"\"Si, si, je suis une fille!\" Version eBook | Femivoz","description":"\"Si, si, je suis une fille!\", un projet magnifique, qui nous guide dans le parcours d'une petite fille transgenre.","robots":{"index":"index","follow":"follow","max-snippet":"max-snippet:-1","max-image-preview":"max-image-preview:large","max-video-preview":"max-video-preview:-1"},"canonical":"https:\/\/femivoz.es\/producto\/version-ebook-si-si-soy-una-nina\/","og_locale":"fr_FR","og_type":"article","og_title":"\"Si, si, je suis une fille!\" Version eBook","og_description":"\"Si, si, je suis une fille!\", un projet magnifique, qui nous guide dans le parcours d'une petite fille transgenre.","og_url":"https:\/\/femivoz.es\/producto\/version-ebook-si-si-soy-una-nina\/","og_site_name":"Femivoz","article_publisher":"https:\/\/www.facebook.com\/femivoz","article_modified_time":"2021-12-17T08:36:56+00:00","og_image":[{"width":896,"height":911,"url":"https:\/\/femivoz.es\/wp-content\/uploads\/2021\/05\/fille.png","type":"image\/png"}],"twitter_card":"summary_large_image","twitter_site":"@femivoz","twitter_misc":{"Dur\u00e9e de lecture estim\u00e9e":"1 minute"},"schema":{"@context":"https:\/\/schema.org","@graph":[{"@type":"WebPage","@id":"https:\/\/femivoz.es\/producto\/version-ebook-si-si-soy-una-nina\/","url":"https:\/\/femivoz.es\/producto\/version-ebook-si-si-soy-una-nina\/","name":"\"Si, si, je suis une fille!\" Version eBook | Femivoz","isPartOf":{"@id":"https:\/\/femivoz.es\/fr\/#website"},"primaryImageOfPage":{"@id":"https:\/\/femivoz.es\/producto\/version-ebook-si-si-soy-una-nina\/#primaryimage"},"image":{"@id":"https:\/\/femivoz.es\/producto\/version-ebook-si-si-soy-una-nina\/#primaryimage"},"thumbnailUrl":"https:\/\/femivoz.es\/wp-content\/uploads\/2021\/05\/fille.png","datePublished":"2021-05-20T20:03:46+00:00","dateModified":"2021-12-17T08:36:56+00:00","description":"\"Si, si, je suis une fille!\", un projet magnifique, qui nous guide dans le parcours d'une petite fille transgenre.","breadcrumb":{"@id":"https:\/\/femivoz.es\/producto\/version-ebook-si-si-soy-una-nina\/#breadcrumb"},"inLanguage":"fr-FR","potentialAction":[{"@type":"ReadAction","target":["https:\/\/femivoz.es\/producto\/version-ebook-si-si-soy-una-nina\/"]}]},{"@type":"ImageObject","inLanguage":"fr-FR","@id":"https:\/\/femivoz.es\/producto\/version-ebook-si-si-soy-una-nina\/#primaryimage","url":"https:\/\/femivoz.es\/wp-content\/uploads\/2021\/05\/fille.png","contentUrl":"https:\/\/femivoz.es\/wp-content\/uploads\/2021\/05\/fille.png","width":896,"height":911},{"@type":"BreadcrumbList","@id":"https:\/\/femivoz.es\/producto\/version-ebook-si-si-soy-una-nina\/#breadcrumb","itemListElement":[{"@type":"ListItem","position":1,"name":"Portada","item":"https:\/\/femivoz.es\/"},{"@type":"ListItem","position":2,"name":"Boutique","item":"https:\/\/femivoz.es\/fr\/boutique\/"},{"@type":"ListItem","position":3,"name":"&#8220;Si, si, je suis une fille!&#8221; Version eBook"}]},{"@type":"WebSite","@id":"https:\/\/femivoz.es\/fr\/#website","url":"https:\/\/femivoz.es\/fr\/","name":"Femivoz","description":"F\u00e9minisation de la voix en ligne avec la logop\u00e8de Mariela Astudillo. S\u00e9ances en ligne. 1\u00ba RDV Gratuit.","publisher":{"@id":"https:\/\/femivoz.es\/fr\/#organization"},"potentialAction":[{"@type":"SearchAction","target":{"@type":"EntryPoint","urlTemplate":"https:\/\/femivoz.es\/fr\/?s={search_term_string}"},"query-input":{"@type":"PropertyValueSpecification","valueRequired":true,"valueName":"search_term_string"}}],"inLanguage":"fr-FR"},{"@type":"Organization","@id":"https:\/\/femivoz.es\/fr\/#organization","name":"FEMIVOZ","url":"https:\/\/femivoz.es\/fr\/","logo":{"@type":"ImageObject","inLanguage":"fr-FR","@id":"https:\/\/femivoz.es\/fr\/#\/schema\/logo\/image\/","url":"https:\/\/femivoz.es\/wp-content\/uploads\/2018\/05\/Logo-femivoz-2018-HD-B.png","contentUrl":"https:\/\/femivoz.es\/wp-content\/uploads\/2018\/05\/Logo-femivoz-2018-HD-B.png","width":2210,"height":658,"caption":"FEMIVOZ"},"image":{"@id":"https:\/\/femivoz.es\/fr\/#\/schema\/logo\/image\/"},"sameAs":["https:\/\/www.facebook.com\/femivoz","https:\/\/x.com\/femivoz","https:\/\/www.instagram.com\/femivoz\/","https:\/\/www.linkedin.com\/in\/femivoz-mariela-astudillo-1401ab21a\/","https:\/\/www.youtube.com\/channel\/UC33Zf-WKvD_Gd_tosA47SFw"]}]}},"_links":{"self":[{"href":"https:\/\/femivoz.es\/fr\/wp-json\/wp\/v2\/product\/18709","targetHints":{"allow":["GET"]}}],"collection":[{"href":"https:\/\/femivoz.es\/fr\/wp-json\/wp\/v2\/product"}],"about":[{"href":"https:\/\/femivoz.es\/fr\/wp-json\/wp\/v2\/types\/product"}],"wp:featuredmedia":[{"embeddable":true,"href":"https:\/\/femivoz.es\/fr\/wp-json\/wp\/v2\/media\/18672"}],"wp:attachment":[{"href":"https:\/\/femivoz.es\/fr\/wp-json\/wp\/v2\/media?parent=18709"}],"wp:term":[{"taxonomy":"product_brand","embeddable":true,"href":"https:\/\/femivoz.es\/fr\/wp-json\/wp\/v2\/product_brand?post=18709"},{"taxonomy":"product_cat","embeddable":true,"href":"https:\/\/femivoz.es\/fr\/wp-json\/wp\/v2\/product_cat?post=18709"},{"taxonomy":"product_tag","embeddable":true,"href":"https:\/\/femivoz.es\/fr\/wp-json\/wp\/v2\/product_tag?post=18709"}],"curies":[{"name":"wp","href":"https:\/\/api.w.org\/{rel}","templated":true}]}}