{"id":26754,"date":"2021-10-09T15:25:05","date_gmt":"2021-10-09T15:25:05","guid":{"rendered":"https:\/\/femivoz.es\/?post_type=product&#038;p=26754"},"modified":"2025-09-26T11:57:34","modified_gmt":"2025-09-26T11:57:34","slug":"1-seance-en-ligne-masculinisation-de-la-voix","status":"publish","type":"product","link":"https:\/\/femivoz.es\/fr\/producto\/1-seance-en-ligne-masculinisation-de-la-voix\/","title":{"rendered":"1 S\u00e9ance en ligne"},"content":{"rendered":"<p><b>CONDITIONS DU FORFAIT :<\/b><\/p>\n<ul>\n<li style=\"font-weight: 400;\" aria-level=\"1\"><span style=\"font-weight: 400;\">La consultation en ligne par <\/span><b>visioconf\u00e9rence <\/b><span style=\"font-weight: 400;\">consiste en une s\u00e9ance de 30 minutes sur Internet.<\/span><\/li>\n<li style=\"font-weight: 400;\" aria-level=\"1\"><span style=\"font-weight: 400;\">Il est recommand\u00e9 d\u2019\u00eatre dans un endroit calme o\u00f9 vous ne serez pas d\u00e9rang\u00e9.e.x pendant la dur\u00e9e de la s\u00e9ance.<\/span><\/li>\n<li style=\"font-weight: 400;\" aria-level=\"1\"><span style=\"font-weight: 400;\">Vous devez <\/span><b>\u00eatre connect\u00e9.e.x \u00e0 un ordinateur ou une tablette<\/b><span style=\"font-weight: 400;\"> et avoir le t\u00e9l\u00e9phone \u00e0 port\u00e9e de main pour les enregistrements.<\/span><\/li>\n<li style=\"font-weight: 400;\" aria-level=\"1\"><span style=\"font-weight: 400;\">Les forfaits de s\u00e9ances sont <\/span><b>valables 6 mois<\/b><span style=\"font-weight: 400;\">.<\/span><\/li>\n<li style=\"font-weight: 400;\" aria-level=\"1\"><span style=\"font-weight: 400;\">Toute s\u00e9ance non effectu\u00e9e <\/span><b>sera factur\u00e9e<\/b><span style=\"font-weight: 400;\">.<\/span><\/li>\n<li style=\"font-weight: 400;\" aria-level=\"1\"><span style=\"font-weight: 400;\">Veuillez nous <\/span><b>pr\u00e9venir au moins 24 heures \u00e0 l&rsquo;avance<\/b><span style=\"font-weight: 400;\"> si vous ne pouvez pas assister \u00e0 la s\u00e9ance pr\u00e9vue.<\/span><\/li>\n<\/ul>\n","protected":false},"excerpt":{"rendered":"<p>Disponible pour toutes les r\u00e9gions du monde.<\/p>\n<h4><strong>1 s\u00e9ance en ligne de 30 minutes.<\/strong><\/h4>\n<p><span style=\"color: #000000;\"><em>Les s\u00e9ances peuvent \u00eatre pay\u00e9es par carte bancaire, via Paypal, par virement bancaire ou par Western Union.<\/em><\/span><\/p>\n<p><a href=\"https:\/\/femivoz.es\/fr\/conditions-generales\/\">En commandant cette s\u00e9ance vous acceptez les Conditions G\u00e9n\u00e9rales de Vente<\/a><\/p>\n","protected":false},"featured_media":57010,"template":"","meta":{"_acf_changed":false},"product_brand":[],"product_cat":[558],"product_tag":[],"class_list":{"0":"post-26754","1":"product","2":"type-product","3":"status-publish","4":"has-post-thumbnail","6":"product_cat-masculinisation-de-la-voix","8":"first","9":"instock","10":"virtual","11":"taxable","12":"purchasable","13":"product-type-simple"},"acf":[],"yoast_head":"<!-- This site is optimized with the Yoast SEO Premium plugin v19.6 (Yoast SEO v26.7) - https:\/\/yoast.com\/wordpress\/plugins\/seo\/ -->\n<title>1 S\u00e9ance en ligne - Femivoz | Masculinisation de la voix | Femivoz | Mariela Astudillo-de-la-voix<\/title>\n<meta name=\"description\" content=\"S\u00e9ances en ligne de masculinisation de la voix pour hommes transgenres, cisgenres, puberphonie (trouble de la mue). Masculinisez votre voix.\" \/>\n<meta name=\"robots\" content=\"index, follow, max-snippet:-1, max-image-preview:large, max-video-preview:-1\" \/>\n<link rel=\"canonical\" href=\"https:\/\/femivoz.es\/fr\/producto\/1-seance-en-ligne-masculinisation-de-la-voix\/\" \/>\n<meta property=\"og:locale\" content=\"fr_FR\" \/>\n<meta property=\"og:type\" content=\"article\" \/>\n<meta property=\"og:title\" content=\"1 S\u00e9ance en ligne\" \/>\n<meta property=\"og:description\" content=\"S\u00e9ances en ligne de masculinisation de la voix pour hommes transgenres, cisgenres, puberphonie (trouble de la mue). Masculinisez votre voix.\" \/>\n<meta property=\"og:url\" content=\"https:\/\/femivoz.es\/fr\/producto\/1-seance-en-ligne-masculinisation-de-la-voix\/\" \/>\n<meta property=\"og:site_name\" content=\"Femivoz\" \/>\n<meta property=\"article:publisher\" content=\"https:\/\/www.facebook.com\/femivoz\" \/>\n<meta property=\"article:modified_time\" content=\"2025-09-26T11:57:34+00:00\" \/>\n<meta property=\"og:image\" content=\"https:\/\/femivoz.es\/wp-content\/uploads\/19.png\" \/>\n\t<meta property=\"og:image:width\" content=\"500\" \/>\n\t<meta property=\"og:image:height\" content=\"500\" \/>\n\t<meta property=\"og:image:type\" content=\"image\/png\" \/>\n<meta name=\"twitter:card\" content=\"summary_large_image\" \/>\n<meta name=\"twitter:site\" content=\"@femivoz\" \/>\n<meta name=\"twitter:label1\" content=\"Dur\u00e9e de lecture estim\u00e9e\" \/>\n\t<meta name=\"twitter:data1\" content=\"1 minute\" \/>\n<script type=\"application\/ld+json\" class=\"yoast-schema-graph\">{\"@context\":\"https:\/\/schema.org\",\"@graph\":[{\"@type\":\"WebPage\",\"@id\":\"https:\/\/femivoz.es\/fr\/producto\/1-seance-en-ligne-masculinisation-de-la-voix\/\",\"url\":\"https:\/\/femivoz.es\/fr\/producto\/1-seance-en-ligne-masculinisation-de-la-voix\/\",\"name\":\"1 S\u00e9ance en ligne - Femivoz | Masculinisation de la voix | Femivoz | Mariela Astudillo-de-la-voix\",\"isPartOf\":{\"@id\":\"https:\/\/femivoz.es\/fr\/#website\"},\"primaryImageOfPage\":{\"@id\":\"https:\/\/femivoz.es\/fr\/producto\/1-seance-en-ligne-masculinisation-de-la-voix\/#primaryimage\"},\"image\":{\"@id\":\"https:\/\/femivoz.es\/fr\/producto\/1-seance-en-ligne-masculinisation-de-la-voix\/#primaryimage\"},\"thumbnailUrl\":\"https:\/\/femivoz.es\/wp-content\/uploads\/19.png\",\"datePublished\":\"2021-10-09T15:25:05+00:00\",\"dateModified\":\"2025-09-26T11:57:34+00:00\",\"description\":\"S\u00e9ances en ligne de masculinisation de la voix pour hommes transgenres, cisgenres, puberphonie (trouble de la mue). Masculinisez votre voix.\",\"breadcrumb\":{\"@id\":\"https:\/\/femivoz.es\/fr\/producto\/1-seance-en-ligne-masculinisation-de-la-voix\/#breadcrumb\"},\"inLanguage\":\"fr-FR\",\"potentialAction\":[{\"@type\":\"ReadAction\",\"target\":[\"https:\/\/femivoz.es\/fr\/producto\/1-seance-en-ligne-masculinisation-de-la-voix\/\"]}]},{\"@type\":\"ImageObject\",\"inLanguage\":\"fr-FR\",\"@id\":\"https:\/\/femivoz.es\/fr\/producto\/1-seance-en-ligne-masculinisation-de-la-voix\/#primaryimage\",\"url\":\"https:\/\/femivoz.es\/wp-content\/uploads\/19.png\",\"contentUrl\":\"https:\/\/femivoz.es\/wp-content\/uploads\/19.png\",\"width\":500,\"height\":500,\"caption\":\"1 s\u00e9ance masculinisation de la voix\"},{\"@type\":\"BreadcrumbList\",\"@id\":\"https:\/\/femivoz.es\/fr\/producto\/1-seance-en-ligne-masculinisation-de-la-voix\/#breadcrumb\",\"itemListElement\":[{\"@type\":\"ListItem\",\"position\":1,\"name\":\"Portada\",\"item\":\"https:\/\/femivoz.es\/\"},{\"@type\":\"ListItem\",\"position\":2,\"name\":\"Boutique\",\"item\":\"https:\/\/femivoz.es\/fr\/boutique\/\"},{\"@type\":\"ListItem\",\"position\":3,\"name\":\"1 S\u00e9ance en ligne\"}]},{\"@type\":\"WebSite\",\"@id\":\"https:\/\/femivoz.es\/fr\/#website\",\"url\":\"https:\/\/femivoz.es\/fr\/\",\"name\":\"Femivoz\",\"description\":\"F\u00e9minisation de la voix en ligne avec la logop\u00e8de Mariela Astudillo. S\u00e9ances en ligne. 1\u00ba RDV Gratuit.\",\"publisher\":{\"@id\":\"https:\/\/femivoz.es\/fr\/#organization\"},\"potentialAction\":[{\"@type\":\"SearchAction\",\"target\":{\"@type\":\"EntryPoint\",\"urlTemplate\":\"https:\/\/femivoz.es\/fr\/?s={search_term_string}\"},\"query-input\":{\"@type\":\"PropertyValueSpecification\",\"valueRequired\":true,\"valueName\":\"search_term_string\"}}],\"inLanguage\":\"fr-FR\"},{\"@type\":\"Organization\",\"@id\":\"https:\/\/femivoz.es\/fr\/#organization\",\"name\":\"FEMIVOZ\",\"url\":\"https:\/\/femivoz.es\/fr\/\",\"logo\":{\"@type\":\"ImageObject\",\"inLanguage\":\"fr-FR\",\"@id\":\"https:\/\/femivoz.es\/fr\/#\/schema\/logo\/image\/\",\"url\":\"https:\/\/femivoz.es\/wp-content\/uploads\/2018\/05\/Logo-femivoz-2018-HD-B.png\",\"contentUrl\":\"https:\/\/femivoz.es\/wp-content\/uploads\/2018\/05\/Logo-femivoz-2018-HD-B.png\",\"width\":2210,\"height\":658,\"caption\":\"FEMIVOZ\"},\"image\":{\"@id\":\"https:\/\/femivoz.es\/fr\/#\/schema\/logo\/image\/\"},\"sameAs\":[\"https:\/\/www.facebook.com\/femivoz\",\"https:\/\/x.com\/femivoz\",\"https:\/\/www.instagram.com\/femivoz\/\",\"https:\/\/www.linkedin.com\/in\/femivoz-mariela-astudillo-1401ab21a\/\",\"https:\/\/www.youtube.com\/channel\/UC33Zf-WKvD_Gd_tosA47SFw\"]}]}<\/script>\n<!-- \/ Yoast SEO Premium plugin. -->","yoast_head_json":{"title":"1 S\u00e9ance en ligne - Femivoz | Masculinisation de la voix | Femivoz | Mariela Astudillo-de-la-voix","description":"S\u00e9ances en ligne de masculinisation de la voix pour hommes transgenres, cisgenres, puberphonie (trouble de la mue). Masculinisez votre voix.","robots":{"index":"index","follow":"follow","max-snippet":"max-snippet:-1","max-image-preview":"max-image-preview:large","max-video-preview":"max-video-preview:-1"},"canonical":"https:\/\/femivoz.es\/fr\/producto\/1-seance-en-ligne-masculinisation-de-la-voix\/","og_locale":"fr_FR","og_type":"article","og_title":"1 S\u00e9ance en ligne","og_description":"S\u00e9ances en ligne de masculinisation de la voix pour hommes transgenres, cisgenres, puberphonie (trouble de la mue). Masculinisez votre voix.","og_url":"https:\/\/femivoz.es\/fr\/producto\/1-seance-en-ligne-masculinisation-de-la-voix\/","og_site_name":"Femivoz","article_publisher":"https:\/\/www.facebook.com\/femivoz","article_modified_time":"2025-09-26T11:57:34+00:00","og_image":[{"width":500,"height":500,"url":"https:\/\/femivoz.es\/wp-content\/uploads\/19.png","type":"image\/png"}],"twitter_card":"summary_large_image","twitter_site":"@femivoz","twitter_misc":{"Dur\u00e9e de lecture estim\u00e9e":"1 minute"},"schema":{"@context":"https:\/\/schema.org","@graph":[{"@type":"WebPage","@id":"https:\/\/femivoz.es\/fr\/producto\/1-seance-en-ligne-masculinisation-de-la-voix\/","url":"https:\/\/femivoz.es\/fr\/producto\/1-seance-en-ligne-masculinisation-de-la-voix\/","name":"1 S\u00e9ance en ligne - Femivoz | Masculinisation de la voix | Femivoz | Mariela Astudillo-de-la-voix","isPartOf":{"@id":"https:\/\/femivoz.es\/fr\/#website"},"primaryImageOfPage":{"@id":"https:\/\/femivoz.es\/fr\/producto\/1-seance-en-ligne-masculinisation-de-la-voix\/#primaryimage"},"image":{"@id":"https:\/\/femivoz.es\/fr\/producto\/1-seance-en-ligne-masculinisation-de-la-voix\/#primaryimage"},"thumbnailUrl":"https:\/\/femivoz.es\/wp-content\/uploads\/19.png","datePublished":"2021-10-09T15:25:05+00:00","dateModified":"2025-09-26T11:57:34+00:00","description":"S\u00e9ances en ligne de masculinisation de la voix pour hommes transgenres, cisgenres, puberphonie (trouble de la mue). Masculinisez votre voix.","breadcrumb":{"@id":"https:\/\/femivoz.es\/fr\/producto\/1-seance-en-ligne-masculinisation-de-la-voix\/#breadcrumb"},"inLanguage":"fr-FR","potentialAction":[{"@type":"ReadAction","target":["https:\/\/femivoz.es\/fr\/producto\/1-seance-en-ligne-masculinisation-de-la-voix\/"]}]},{"@type":"ImageObject","inLanguage":"fr-FR","@id":"https:\/\/femivoz.es\/fr\/producto\/1-seance-en-ligne-masculinisation-de-la-voix\/#primaryimage","url":"https:\/\/femivoz.es\/wp-content\/uploads\/19.png","contentUrl":"https:\/\/femivoz.es\/wp-content\/uploads\/19.png","width":500,"height":500,"caption":"1 s\u00e9ance masculinisation de la voix"},{"@type":"BreadcrumbList","@id":"https:\/\/femivoz.es\/fr\/producto\/1-seance-en-ligne-masculinisation-de-la-voix\/#breadcrumb","itemListElement":[{"@type":"ListItem","position":1,"name":"Portada","item":"https:\/\/femivoz.es\/"},{"@type":"ListItem","position":2,"name":"Boutique","item":"https:\/\/femivoz.es\/fr\/boutique\/"},{"@type":"ListItem","position":3,"name":"1 S\u00e9ance en ligne"}]},{"@type":"WebSite","@id":"https:\/\/femivoz.es\/fr\/#website","url":"https:\/\/femivoz.es\/fr\/","name":"Femivoz","description":"F\u00e9minisation de la voix en ligne avec la logop\u00e8de Mariela Astudillo. S\u00e9ances en ligne. 1\u00ba RDV Gratuit.","publisher":{"@id":"https:\/\/femivoz.es\/fr\/#organization"},"potentialAction":[{"@type":"SearchAction","target":{"@type":"EntryPoint","urlTemplate":"https:\/\/femivoz.es\/fr\/?s={search_term_string}"},"query-input":{"@type":"PropertyValueSpecification","valueRequired":true,"valueName":"search_term_string"}}],"inLanguage":"fr-FR"},{"@type":"Organization","@id":"https:\/\/femivoz.es\/fr\/#organization","name":"FEMIVOZ","url":"https:\/\/femivoz.es\/fr\/","logo":{"@type":"ImageObject","inLanguage":"fr-FR","@id":"https:\/\/femivoz.es\/fr\/#\/schema\/logo\/image\/","url":"https:\/\/femivoz.es\/wp-content\/uploads\/2018\/05\/Logo-femivoz-2018-HD-B.png","contentUrl":"https:\/\/femivoz.es\/wp-content\/uploads\/2018\/05\/Logo-femivoz-2018-HD-B.png","width":2210,"height":658,"caption":"FEMIVOZ"},"image":{"@id":"https:\/\/femivoz.es\/fr\/#\/schema\/logo\/image\/"},"sameAs":["https:\/\/www.facebook.com\/femivoz","https:\/\/x.com\/femivoz","https:\/\/www.instagram.com\/femivoz\/","https:\/\/www.linkedin.com\/in\/femivoz-mariela-astudillo-1401ab21a\/","https:\/\/www.youtube.com\/channel\/UC33Zf-WKvD_Gd_tosA47SFw"]}]}},"_links":{"self":[{"href":"https:\/\/femivoz.es\/fr\/wp-json\/wp\/v2\/product\/26754","targetHints":{"allow":["GET"]}}],"collection":[{"href":"https:\/\/femivoz.es\/fr\/wp-json\/wp\/v2\/product"}],"about":[{"href":"https:\/\/femivoz.es\/fr\/wp-json\/wp\/v2\/types\/product"}],"wp:featuredmedia":[{"embeddable":true,"href":"https:\/\/femivoz.es\/fr\/wp-json\/wp\/v2\/media\/57010"}],"wp:attachment":[{"href":"https:\/\/femivoz.es\/fr\/wp-json\/wp\/v2\/media?parent=26754"}],"wp:term":[{"taxonomy":"product_brand","embeddable":true,"href":"https:\/\/femivoz.es\/fr\/wp-json\/wp\/v2\/product_brand?post=26754"},{"taxonomy":"product_cat","embeddable":true,"href":"https:\/\/femivoz.es\/fr\/wp-json\/wp\/v2\/product_cat?post=26754"},{"taxonomy":"product_tag","embeddable":true,"href":"https:\/\/femivoz.es\/fr\/wp-json\/wp\/v2\/product_tag?post=26754"}],"curies":[{"name":"wp","href":"https:\/\/api.w.org\/{rel}","templated":true}]}}