{"id":8460,"date":"2020-04-28T14:55:15","date_gmt":"2020-04-28T14:55:15","guid":{"rendered":"https:\/\/femivoz.es\/?post_type=product&#038;p=8460"},"modified":"2025-09-04T13:37:02","modified_gmt":"2025-09-04T13:37:02","slug":"200e-forfait-10-seances","status":"publish","type":"product","link":"https:\/\/femivoz.es\/fr\/producto\/200e-forfait-10-seances\/","title":{"rendered":"Paiement 200\u20ac &#8211; Forfait 10 s\u00e9ances"},"content":{"rendered":"","protected":false},"excerpt":{"rendered":"","protected":false},"featured_media":19498,"template":"","meta":{"_acf_changed":false},"product_brand":[],"product_cat":[42],"product_tag":[],"class_list":{"0":"post-8460","1":"product","2":"type-product","3":"status-publish","4":"has-post-thumbnail","6":"product_cat-sin-categoria","8":"first","9":"instock","10":"virtual","11":"taxable","12":"purchasable","13":"product-type-simple"},"acf":[],"yoast_head":"<!-- This site is optimized with the Yoast SEO Premium plugin v19.6 (Yoast SEO v26.7) - https:\/\/yoast.com\/wordpress\/plugins\/seo\/ -->\n<title>Paiement 200\u20ac - Forfait 10 s\u00e9ances - Femivoz<\/title>\n<meta name=\"robots\" content=\"index, follow, max-snippet:-1, max-image-preview:large, max-video-preview:-1\" \/>\n<link rel=\"canonical\" href=\"https:\/\/femivoz.es\/fr\/producto\/200e-forfait-10-seances\/\" \/>\n<meta property=\"og:locale\" content=\"fr_FR\" \/>\n<meta property=\"og:type\" content=\"article\" \/>\n<meta property=\"og:title\" content=\"Paiement 200\u20ac - Forfait 10 s\u00e9ances\" \/>\n<meta property=\"og:url\" content=\"https:\/\/femivoz.es\/fr\/producto\/200e-forfait-10-seances\/\" \/>\n<meta property=\"og:site_name\" content=\"Femivoz\" \/>\n<meta property=\"article:publisher\" content=\"https:\/\/www.facebook.com\/femivoz\" \/>\n<meta property=\"article:modified_time\" content=\"2025-09-04T13:37:02+00:00\" \/>\n<meta property=\"og:image\" content=\"https:\/\/femivoz.es\/wp-content\/uploads\/2021\/06\/2a9bb7b4-199b-479e-bcd9-23d48418e520-2.jpg\" \/>\n\t<meta property=\"og:image:width\" content=\"682\" \/>\n\t<meta property=\"og:image:height\" content=\"796\" \/>\n\t<meta property=\"og:image:type\" content=\"image\/jpeg\" \/>\n<meta name=\"twitter:card\" content=\"summary_large_image\" \/>\n<meta name=\"twitter:site\" content=\"@femivoz\" \/>\n<script type=\"application\/ld+json\" class=\"yoast-schema-graph\">{\"@context\":\"https:\/\/schema.org\",\"@graph\":[{\"@type\":\"WebPage\",\"@id\":\"https:\/\/femivoz.es\/fr\/producto\/200e-forfait-10-seances\/\",\"url\":\"https:\/\/femivoz.es\/fr\/producto\/200e-forfait-10-seances\/\",\"name\":\"Paiement 200\u20ac - Forfait 10 s\u00e9ances - Femivoz\",\"isPartOf\":{\"@id\":\"https:\/\/femivoz.es\/fr\/#website\"},\"primaryImageOfPage\":{\"@id\":\"https:\/\/femivoz.es\/fr\/producto\/200e-forfait-10-seances\/#primaryimage\"},\"image\":{\"@id\":\"https:\/\/femivoz.es\/fr\/producto\/200e-forfait-10-seances\/#primaryimage\"},\"thumbnailUrl\":\"https:\/\/femivoz.es\/wp-content\/uploads\/2021\/06\/2a9bb7b4-199b-479e-bcd9-23d48418e520-2.jpg\",\"datePublished\":\"2020-04-28T14:55:15+00:00\",\"dateModified\":\"2025-09-04T13:37:02+00:00\",\"breadcrumb\":{\"@id\":\"https:\/\/femivoz.es\/fr\/producto\/200e-forfait-10-seances\/#breadcrumb\"},\"inLanguage\":\"fr-FR\",\"potentialAction\":[{\"@type\":\"ReadAction\",\"target\":[\"https:\/\/femivoz.es\/fr\/producto\/200e-forfait-10-seances\/\"]}]},{\"@type\":\"ImageObject\",\"inLanguage\":\"fr-FR\",\"@id\":\"https:\/\/femivoz.es\/fr\/producto\/200e-forfait-10-seances\/#primaryimage\",\"url\":\"https:\/\/femivoz.es\/wp-content\/uploads\/2021\/06\/2a9bb7b4-199b-479e-bcd9-23d48418e520-2.jpg\",\"contentUrl\":\"https:\/\/femivoz.es\/wp-content\/uploads\/2021\/06\/2a9bb7b4-199b-479e-bcd9-23d48418e520-2.jpg\",\"width\":682,\"height\":796,\"caption\":\"Mariela Astudillo voz transg\u00e9nero\"},{\"@type\":\"BreadcrumbList\",\"@id\":\"https:\/\/femivoz.es\/fr\/producto\/200e-forfait-10-seances\/#breadcrumb\",\"itemListElement\":[{\"@type\":\"ListItem\",\"position\":1,\"name\":\"Portada\",\"item\":\"https:\/\/femivoz.es\/\"},{\"@type\":\"ListItem\",\"position\":2,\"name\":\"Boutique\",\"item\":\"https:\/\/femivoz.es\/fr\/boutique\/\"},{\"@type\":\"ListItem\",\"position\":3,\"name\":\"Paiement 200\u20ac &#8211; Forfait 10 s\u00e9ances\"}]},{\"@type\":\"WebSite\",\"@id\":\"https:\/\/femivoz.es\/fr\/#website\",\"url\":\"https:\/\/femivoz.es\/fr\/\",\"name\":\"Femivoz\",\"description\":\"F\u00e9minisation de la voix en ligne avec la logop\u00e8de Mariela Astudillo. S\u00e9ances en ligne. 1\u00ba RDV Gratuit.\",\"publisher\":{\"@id\":\"https:\/\/femivoz.es\/fr\/#organization\"},\"potentialAction\":[{\"@type\":\"SearchAction\",\"target\":{\"@type\":\"EntryPoint\",\"urlTemplate\":\"https:\/\/femivoz.es\/fr\/?s={search_term_string}\"},\"query-input\":{\"@type\":\"PropertyValueSpecification\",\"valueRequired\":true,\"valueName\":\"search_term_string\"}}],\"inLanguage\":\"fr-FR\"},{\"@type\":\"Organization\",\"@id\":\"https:\/\/femivoz.es\/fr\/#organization\",\"name\":\"FEMIVOZ\",\"url\":\"https:\/\/femivoz.es\/fr\/\",\"logo\":{\"@type\":\"ImageObject\",\"inLanguage\":\"fr-FR\",\"@id\":\"https:\/\/femivoz.es\/fr\/#\/schema\/logo\/image\/\",\"url\":\"https:\/\/femivoz.es\/wp-content\/uploads\/2018\/05\/Logo-femivoz-2018-HD-B.png\",\"contentUrl\":\"https:\/\/femivoz.es\/wp-content\/uploads\/2018\/05\/Logo-femivoz-2018-HD-B.png\",\"width\":2210,\"height\":658,\"caption\":\"FEMIVOZ\"},\"image\":{\"@id\":\"https:\/\/femivoz.es\/fr\/#\/schema\/logo\/image\/\"},\"sameAs\":[\"https:\/\/www.facebook.com\/femivoz\",\"https:\/\/x.com\/femivoz\",\"https:\/\/www.instagram.com\/femivoz\/\",\"https:\/\/www.linkedin.com\/in\/femivoz-mariela-astudillo-1401ab21a\/\",\"https:\/\/www.youtube.com\/channel\/UC33Zf-WKvD_Gd_tosA47SFw\"]}]}<\/script>\n<!-- \/ Yoast SEO Premium plugin. -->","yoast_head_json":{"title":"Paiement 200\u20ac - Forfait 10 s\u00e9ances - Femivoz","robots":{"index":"index","follow":"follow","max-snippet":"max-snippet:-1","max-image-preview":"max-image-preview:large","max-video-preview":"max-video-preview:-1"},"canonical":"https:\/\/femivoz.es\/fr\/producto\/200e-forfait-10-seances\/","og_locale":"fr_FR","og_type":"article","og_title":"Paiement 200\u20ac - Forfait 10 s\u00e9ances","og_url":"https:\/\/femivoz.es\/fr\/producto\/200e-forfait-10-seances\/","og_site_name":"Femivoz","article_publisher":"https:\/\/www.facebook.com\/femivoz","article_modified_time":"2025-09-04T13:37:02+00:00","og_image":[{"width":682,"height":796,"url":"https:\/\/femivoz.es\/wp-content\/uploads\/2021\/06\/2a9bb7b4-199b-479e-bcd9-23d48418e520-2.jpg","type":"image\/jpeg"}],"twitter_card":"summary_large_image","twitter_site":"@femivoz","schema":{"@context":"https:\/\/schema.org","@graph":[{"@type":"WebPage","@id":"https:\/\/femivoz.es\/fr\/producto\/200e-forfait-10-seances\/","url":"https:\/\/femivoz.es\/fr\/producto\/200e-forfait-10-seances\/","name":"Paiement 200\u20ac - Forfait 10 s\u00e9ances - Femivoz","isPartOf":{"@id":"https:\/\/femivoz.es\/fr\/#website"},"primaryImageOfPage":{"@id":"https:\/\/femivoz.es\/fr\/producto\/200e-forfait-10-seances\/#primaryimage"},"image":{"@id":"https:\/\/femivoz.es\/fr\/producto\/200e-forfait-10-seances\/#primaryimage"},"thumbnailUrl":"https:\/\/femivoz.es\/wp-content\/uploads\/2021\/06\/2a9bb7b4-199b-479e-bcd9-23d48418e520-2.jpg","datePublished":"2020-04-28T14:55:15+00:00","dateModified":"2025-09-04T13:37:02+00:00","breadcrumb":{"@id":"https:\/\/femivoz.es\/fr\/producto\/200e-forfait-10-seances\/#breadcrumb"},"inLanguage":"fr-FR","potentialAction":[{"@type":"ReadAction","target":["https:\/\/femivoz.es\/fr\/producto\/200e-forfait-10-seances\/"]}]},{"@type":"ImageObject","inLanguage":"fr-FR","@id":"https:\/\/femivoz.es\/fr\/producto\/200e-forfait-10-seances\/#primaryimage","url":"https:\/\/femivoz.es\/wp-content\/uploads\/2021\/06\/2a9bb7b4-199b-479e-bcd9-23d48418e520-2.jpg","contentUrl":"https:\/\/femivoz.es\/wp-content\/uploads\/2021\/06\/2a9bb7b4-199b-479e-bcd9-23d48418e520-2.jpg","width":682,"height":796,"caption":"Mariela Astudillo voz transg\u00e9nero"},{"@type":"BreadcrumbList","@id":"https:\/\/femivoz.es\/fr\/producto\/200e-forfait-10-seances\/#breadcrumb","itemListElement":[{"@type":"ListItem","position":1,"name":"Portada","item":"https:\/\/femivoz.es\/"},{"@type":"ListItem","position":2,"name":"Boutique","item":"https:\/\/femivoz.es\/fr\/boutique\/"},{"@type":"ListItem","position":3,"name":"Paiement 200\u20ac &#8211; Forfait 10 s\u00e9ances"}]},{"@type":"WebSite","@id":"https:\/\/femivoz.es\/fr\/#website","url":"https:\/\/femivoz.es\/fr\/","name":"Femivoz","description":"F\u00e9minisation de la voix en ligne avec la logop\u00e8de Mariela Astudillo. S\u00e9ances en ligne. 1\u00ba RDV Gratuit.","publisher":{"@id":"https:\/\/femivoz.es\/fr\/#organization"},"potentialAction":[{"@type":"SearchAction","target":{"@type":"EntryPoint","urlTemplate":"https:\/\/femivoz.es\/fr\/?s={search_term_string}"},"query-input":{"@type":"PropertyValueSpecification","valueRequired":true,"valueName":"search_term_string"}}],"inLanguage":"fr-FR"},{"@type":"Organization","@id":"https:\/\/femivoz.es\/fr\/#organization","name":"FEMIVOZ","url":"https:\/\/femivoz.es\/fr\/","logo":{"@type":"ImageObject","inLanguage":"fr-FR","@id":"https:\/\/femivoz.es\/fr\/#\/schema\/logo\/image\/","url":"https:\/\/femivoz.es\/wp-content\/uploads\/2018\/05\/Logo-femivoz-2018-HD-B.png","contentUrl":"https:\/\/femivoz.es\/wp-content\/uploads\/2018\/05\/Logo-femivoz-2018-HD-B.png","width":2210,"height":658,"caption":"FEMIVOZ"},"image":{"@id":"https:\/\/femivoz.es\/fr\/#\/schema\/logo\/image\/"},"sameAs":["https:\/\/www.facebook.com\/femivoz","https:\/\/x.com\/femivoz","https:\/\/www.instagram.com\/femivoz\/","https:\/\/www.linkedin.com\/in\/femivoz-mariela-astudillo-1401ab21a\/","https:\/\/www.youtube.com\/channel\/UC33Zf-WKvD_Gd_tosA47SFw"]}]}},"_links":{"self":[{"href":"https:\/\/femivoz.es\/fr\/wp-json\/wp\/v2\/product\/8460","targetHints":{"allow":["GET"]}}],"collection":[{"href":"https:\/\/femivoz.es\/fr\/wp-json\/wp\/v2\/product"}],"about":[{"href":"https:\/\/femivoz.es\/fr\/wp-json\/wp\/v2\/types\/product"}],"wp:featuredmedia":[{"embeddable":true,"href":"https:\/\/femivoz.es\/fr\/wp-json\/wp\/v2\/media\/19498"}],"wp:attachment":[{"href":"https:\/\/femivoz.es\/fr\/wp-json\/wp\/v2\/media?parent=8460"}],"wp:term":[{"taxonomy":"product_brand","embeddable":true,"href":"https:\/\/femivoz.es\/fr\/wp-json\/wp\/v2\/product_brand?post=8460"},{"taxonomy":"product_cat","embeddable":true,"href":"https:\/\/femivoz.es\/fr\/wp-json\/wp\/v2\/product_cat?post=8460"},{"taxonomy":"product_tag","embeddable":true,"href":"https:\/\/femivoz.es\/fr\/wp-json\/wp\/v2\/product_tag?post=8460"}],"curies":[{"name":"wp","href":"https:\/\/api.w.org\/{rel}","templated":true}]}}