{"id":8916,"date":"2020-06-02T20:10:42","date_gmt":"2020-06-02T20:10:42","guid":{"rendered":"https:\/\/femivoz.es\/?post_type=product&#038;p=8916"},"modified":"2026-01-11T09:51:27","modified_gmt":"2026-01-11T09:51:27","slug":"livre-si-si-je-suis-une-fille","status":"publish","type":"product","link":"https:\/\/femivoz.es\/fr\/producto\/livre-si-si-je-suis-une-fille\/","title":{"rendered":"\u00ab\u00a0Si, si, je suis une fille!\u00a0\u00bb"},"content":{"rendered":"<h4><span style=\"color: #fc0064;\">Commandez votre version <a href=\"https:\/\/femivoz.es\/fr\/producto\/livre-ebook-si-si-je-suis-une-fille\/\"><span style=\"color: #000000;\"><strong>eBook<\/strong> <\/span><strong>ici<\/strong><\/a>.<\/span><\/h4>\n<p>\u00ab Si, si, je suis une fille ! \u00bb pr\u00e9sente l\u2019histoire d\u2019\u00c9milie, une fille transgenre qui doit faire face au monde qui l\u2019entoure, aux regards et aux moqueries, \u00e0 l\u2019incompr\u00e9hension&#8230; mais qui, petit \u00e0 petit, va d\u00e9couvrir et accepter sa diff\u00e9rence gr\u00e2ce au soutien de sa famille, de son \u00e9cole et de ses amis. Cet ouvrage peut \u00eatre employ\u00e9 comme outil didactique de sensibilisation dans les \u00e9coles, dans les collectifs et associations ou au sein de tout autre groupe soucieux de communiquer avec des enfants. L&rsquo;histoire d&rsquo;\u00c9milie peut \u00e9galement \u00eatre partag\u00e9e dans les foyers comptant ou non parmi leurs membres un enfant transgenre, afin d\u2019aider \u00e0 la compr\u00e9hension du transg\u00e9n\u00e9risme.<\/p>\n","protected":false},"excerpt":{"rendered":"<p><strong>Auteure :<\/strong> Mariela Astudillo Ram\u00edrez<br \/>\n<strong>Illustratrice :<\/strong> Gwendoline Couv\u00e9<br \/>\n<strong>Assistantes de r\u00e9daction :<\/strong>\u00a0Marianne Compart, Gwendoline Couv\u00e9, Marion Darcy<br \/>\n<strong>Editoriale :\u00a0<\/strong>Editorial C\u00edrculo Rojo<br \/>\n<strong>Couverture rigide<\/strong><br \/>\n<strong>Nombre de pages :<\/strong> 44<\/p>\n<h3><a href=\"https:\/\/femivoz.es\/fr\/livre-pour-enfants-transgenerisme-emilie\/\">D\u00c9COUVREZ LE PROJET \u00c9MILIE ICI<\/a><\/h3>\n","protected":false},"featured_media":8929,"template":"","meta":{"_acf_changed":false},"product_brand":[],"product_cat":[98],"product_tag":[],"class_list":{"0":"post-8916","1":"product","2":"type-product","3":"status-publish","4":"has-post-thumbnail","6":"product_cat-livre-enfant","7":"product_shipping_class-libro-emilie-fr","9":"first","10":"instock","11":"sale","12":"taxable","13":"shipping-taxable","14":"purchasable","15":"product-type-simple"},"acf":[],"yoast_head":"<!-- This site is optimized with the Yoast SEO Premium plugin v19.6 (Yoast SEO v26.7) - https:\/\/yoast.com\/wordpress\/plugins\/seo\/ -->\n<title>Livre &quot;Si, si, je suis une fille!&quot; | Femivoz<\/title>\n<meta name=\"description\" content=\"Le livre &quot;Si, si, je suis une fille!&quot; pr\u00e9sente l&#039;histoire une fille transgenre qui doit faire face au monde qui l\u2019entoure.\" \/>\n<meta name=\"robots\" content=\"index, follow, max-snippet:-1, max-image-preview:large, max-video-preview:-1\" \/>\n<link rel=\"canonical\" href=\"https:\/\/femivoz.es\/fr\/producto\/livre-si-si-je-suis-une-fille\/\" \/>\n<meta property=\"og:locale\" content=\"fr_FR\" \/>\n<meta property=\"og:type\" content=\"article\" \/>\n<meta property=\"og:title\" content=\"&quot;Si, si, je suis une fille!&quot;\" \/>\n<meta property=\"og:description\" content=\"Le livre &quot;Si, si, je suis une fille!&quot; pr\u00e9sente l&#039;histoire une fille transgenre qui doit faire face au monde qui l\u2019entoure.\" \/>\n<meta property=\"og:url\" content=\"https:\/\/femivoz.es\/fr\/producto\/livre-si-si-je-suis-une-fille\/\" \/>\n<meta property=\"og:site_name\" content=\"Femivoz\" \/>\n<meta property=\"article:publisher\" content=\"https:\/\/www.facebook.com\/femivoz\" \/>\n<meta property=\"article:modified_time\" content=\"2026-01-11T09:51:27+00:00\" \/>\n<meta property=\"og:image\" content=\"https:\/\/femivoz.es\/wp-content\/uploads\/2020\/06\/IMG_1952.jpg\" \/>\n\t<meta property=\"og:image:width\" content=\"1000\" \/>\n\t<meta property=\"og:image:height\" content=\"1333\" \/>\n\t<meta property=\"og:image:type\" content=\"image\/jpeg\" \/>\n<meta name=\"twitter:card\" content=\"summary_large_image\" \/>\n<meta name=\"twitter:site\" content=\"@femivoz\" \/>\n<meta name=\"twitter:label1\" content=\"Dur\u00e9e de lecture estim\u00e9e\" \/>\n\t<meta name=\"twitter:data1\" content=\"1 minute\" \/>\n<script type=\"application\/ld+json\" class=\"yoast-schema-graph\">{\"@context\":\"https:\/\/schema.org\",\"@graph\":[{\"@type\":\"WebPage\",\"@id\":\"https:\/\/femivoz.es\/fr\/producto\/livre-si-si-je-suis-une-fille\/\",\"url\":\"https:\/\/femivoz.es\/fr\/producto\/livre-si-si-je-suis-une-fille\/\",\"name\":\"Livre \\\"Si, si, je suis une fille!\\\" | Femivoz\",\"isPartOf\":{\"@id\":\"https:\/\/femivoz.es\/fr\/#website\"},\"primaryImageOfPage\":{\"@id\":\"https:\/\/femivoz.es\/fr\/producto\/livre-si-si-je-suis-une-fille\/#primaryimage\"},\"image\":{\"@id\":\"https:\/\/femivoz.es\/fr\/producto\/livre-si-si-je-suis-une-fille\/#primaryimage\"},\"thumbnailUrl\":\"https:\/\/femivoz.es\/wp-content\/uploads\/2020\/06\/IMG_1952.jpg\",\"datePublished\":\"2020-06-02T20:10:42+00:00\",\"dateModified\":\"2026-01-11T09:51:27+00:00\",\"description\":\"Le livre \\\"Si, si, je suis une fille!\\\" pr\u00e9sente l'histoire une fille transgenre qui doit faire face au monde qui l\u2019entoure.\",\"breadcrumb\":{\"@id\":\"https:\/\/femivoz.es\/fr\/producto\/livre-si-si-je-suis-une-fille\/#breadcrumb\"},\"inLanguage\":\"fr-FR\",\"potentialAction\":[{\"@type\":\"ReadAction\",\"target\":[\"https:\/\/femivoz.es\/fr\/producto\/livre-si-si-je-suis-une-fille\/\"]}]},{\"@type\":\"ImageObject\",\"inLanguage\":\"fr-FR\",\"@id\":\"https:\/\/femivoz.es\/fr\/producto\/livre-si-si-je-suis-une-fille\/#primaryimage\",\"url\":\"https:\/\/femivoz.es\/wp-content\/uploads\/2020\/06\/IMG_1952.jpg\",\"contentUrl\":\"https:\/\/femivoz.es\/wp-content\/uploads\/2020\/06\/IMG_1952.jpg\",\"width\":1000,\"height\":1333},{\"@type\":\"BreadcrumbList\",\"@id\":\"https:\/\/femivoz.es\/fr\/producto\/livre-si-si-je-suis-une-fille\/#breadcrumb\",\"itemListElement\":[{\"@type\":\"ListItem\",\"position\":1,\"name\":\"Portada\",\"item\":\"https:\/\/femivoz.es\/\"},{\"@type\":\"ListItem\",\"position\":2,\"name\":\"Boutique\",\"item\":\"https:\/\/femivoz.es\/fr\/boutique\/\"},{\"@type\":\"ListItem\",\"position\":3,\"name\":\"\u00abSi, si, je suis une fille!\u00bb\"}]},{\"@type\":\"WebSite\",\"@id\":\"https:\/\/femivoz.es\/fr\/#website\",\"url\":\"https:\/\/femivoz.es\/fr\/\",\"name\":\"Femivoz\",\"description\":\"F\u00e9minisation de la voix en ligne avec la logop\u00e8de Mariela Astudillo. S\u00e9ances en ligne. 1\u00ba RDV Gratuit.\",\"publisher\":{\"@id\":\"https:\/\/femivoz.es\/fr\/#organization\"},\"potentialAction\":[{\"@type\":\"SearchAction\",\"target\":{\"@type\":\"EntryPoint\",\"urlTemplate\":\"https:\/\/femivoz.es\/fr\/?s={search_term_string}\"},\"query-input\":{\"@type\":\"PropertyValueSpecification\",\"valueRequired\":true,\"valueName\":\"search_term_string\"}}],\"inLanguage\":\"fr-FR\"},{\"@type\":\"Organization\",\"@id\":\"https:\/\/femivoz.es\/fr\/#organization\",\"name\":\"FEMIVOZ\",\"url\":\"https:\/\/femivoz.es\/fr\/\",\"logo\":{\"@type\":\"ImageObject\",\"inLanguage\":\"fr-FR\",\"@id\":\"https:\/\/femivoz.es\/fr\/#\/schema\/logo\/image\/\",\"url\":\"https:\/\/femivoz.es\/wp-content\/uploads\/2018\/05\/Logo-femivoz-2018-HD-B.png\",\"contentUrl\":\"https:\/\/femivoz.es\/wp-content\/uploads\/2018\/05\/Logo-femivoz-2018-HD-B.png\",\"width\":2210,\"height\":658,\"caption\":\"FEMIVOZ\"},\"image\":{\"@id\":\"https:\/\/femivoz.es\/fr\/#\/schema\/logo\/image\/\"},\"sameAs\":[\"https:\/\/www.facebook.com\/femivoz\",\"https:\/\/x.com\/femivoz\",\"https:\/\/www.instagram.com\/femivoz\/\",\"https:\/\/www.linkedin.com\/in\/femivoz-mariela-astudillo-1401ab21a\/\",\"https:\/\/www.youtube.com\/channel\/UC33Zf-WKvD_Gd_tosA47SFw\"]}]}<\/script>\n<!-- \/ Yoast SEO Premium plugin. -->","yoast_head_json":{"title":"Livre \"Si, si, je suis une fille!\" | Femivoz","description":"Le livre \"Si, si, je suis une fille!\" pr\u00e9sente l'histoire une fille transgenre qui doit faire face au monde qui l\u2019entoure.","robots":{"index":"index","follow":"follow","max-snippet":"max-snippet:-1","max-image-preview":"max-image-preview:large","max-video-preview":"max-video-preview:-1"},"canonical":"https:\/\/femivoz.es\/fr\/producto\/livre-si-si-je-suis-une-fille\/","og_locale":"fr_FR","og_type":"article","og_title":"\"Si, si, je suis une fille!\"","og_description":"Le livre \"Si, si, je suis une fille!\" pr\u00e9sente l'histoire une fille transgenre qui doit faire face au monde qui l\u2019entoure.","og_url":"https:\/\/femivoz.es\/fr\/producto\/livre-si-si-je-suis-une-fille\/","og_site_name":"Femivoz","article_publisher":"https:\/\/www.facebook.com\/femivoz","article_modified_time":"2026-01-11T09:51:27+00:00","og_image":[{"width":1000,"height":1333,"url":"https:\/\/femivoz.es\/wp-content\/uploads\/2020\/06\/IMG_1952.jpg","type":"image\/jpeg"}],"twitter_card":"summary_large_image","twitter_site":"@femivoz","twitter_misc":{"Dur\u00e9e de lecture estim\u00e9e":"1 minute"},"schema":{"@context":"https:\/\/schema.org","@graph":[{"@type":"WebPage","@id":"https:\/\/femivoz.es\/fr\/producto\/livre-si-si-je-suis-une-fille\/","url":"https:\/\/femivoz.es\/fr\/producto\/livre-si-si-je-suis-une-fille\/","name":"Livre \"Si, si, je suis une fille!\" | Femivoz","isPartOf":{"@id":"https:\/\/femivoz.es\/fr\/#website"},"primaryImageOfPage":{"@id":"https:\/\/femivoz.es\/fr\/producto\/livre-si-si-je-suis-une-fille\/#primaryimage"},"image":{"@id":"https:\/\/femivoz.es\/fr\/producto\/livre-si-si-je-suis-une-fille\/#primaryimage"},"thumbnailUrl":"https:\/\/femivoz.es\/wp-content\/uploads\/2020\/06\/IMG_1952.jpg","datePublished":"2020-06-02T20:10:42+00:00","dateModified":"2026-01-11T09:51:27+00:00","description":"Le livre \"Si, si, je suis une fille!\" pr\u00e9sente l'histoire une fille transgenre qui doit faire face au monde qui l\u2019entoure.","breadcrumb":{"@id":"https:\/\/femivoz.es\/fr\/producto\/livre-si-si-je-suis-une-fille\/#breadcrumb"},"inLanguage":"fr-FR","potentialAction":[{"@type":"ReadAction","target":["https:\/\/femivoz.es\/fr\/producto\/livre-si-si-je-suis-une-fille\/"]}]},{"@type":"ImageObject","inLanguage":"fr-FR","@id":"https:\/\/femivoz.es\/fr\/producto\/livre-si-si-je-suis-une-fille\/#primaryimage","url":"https:\/\/femivoz.es\/wp-content\/uploads\/2020\/06\/IMG_1952.jpg","contentUrl":"https:\/\/femivoz.es\/wp-content\/uploads\/2020\/06\/IMG_1952.jpg","width":1000,"height":1333},{"@type":"BreadcrumbList","@id":"https:\/\/femivoz.es\/fr\/producto\/livre-si-si-je-suis-une-fille\/#breadcrumb","itemListElement":[{"@type":"ListItem","position":1,"name":"Portada","item":"https:\/\/femivoz.es\/"},{"@type":"ListItem","position":2,"name":"Boutique","item":"https:\/\/femivoz.es\/fr\/boutique\/"},{"@type":"ListItem","position":3,"name":"\u00abSi, si, je suis une fille!\u00bb"}]},{"@type":"WebSite","@id":"https:\/\/femivoz.es\/fr\/#website","url":"https:\/\/femivoz.es\/fr\/","name":"Femivoz","description":"F\u00e9minisation de la voix en ligne avec la logop\u00e8de Mariela Astudillo. S\u00e9ances en ligne. 1\u00ba RDV Gratuit.","publisher":{"@id":"https:\/\/femivoz.es\/fr\/#organization"},"potentialAction":[{"@type":"SearchAction","target":{"@type":"EntryPoint","urlTemplate":"https:\/\/femivoz.es\/fr\/?s={search_term_string}"},"query-input":{"@type":"PropertyValueSpecification","valueRequired":true,"valueName":"search_term_string"}}],"inLanguage":"fr-FR"},{"@type":"Organization","@id":"https:\/\/femivoz.es\/fr\/#organization","name":"FEMIVOZ","url":"https:\/\/femivoz.es\/fr\/","logo":{"@type":"ImageObject","inLanguage":"fr-FR","@id":"https:\/\/femivoz.es\/fr\/#\/schema\/logo\/image\/","url":"https:\/\/femivoz.es\/wp-content\/uploads\/2018\/05\/Logo-femivoz-2018-HD-B.png","contentUrl":"https:\/\/femivoz.es\/wp-content\/uploads\/2018\/05\/Logo-femivoz-2018-HD-B.png","width":2210,"height":658,"caption":"FEMIVOZ"},"image":{"@id":"https:\/\/femivoz.es\/fr\/#\/schema\/logo\/image\/"},"sameAs":["https:\/\/www.facebook.com\/femivoz","https:\/\/x.com\/femivoz","https:\/\/www.instagram.com\/femivoz\/","https:\/\/www.linkedin.com\/in\/femivoz-mariela-astudillo-1401ab21a\/","https:\/\/www.youtube.com\/channel\/UC33Zf-WKvD_Gd_tosA47SFw"]}]}},"_links":{"self":[{"href":"https:\/\/femivoz.es\/fr\/wp-json\/wp\/v2\/product\/8916","targetHints":{"allow":["GET"]}}],"collection":[{"href":"https:\/\/femivoz.es\/fr\/wp-json\/wp\/v2\/product"}],"about":[{"href":"https:\/\/femivoz.es\/fr\/wp-json\/wp\/v2\/types\/product"}],"wp:featuredmedia":[{"embeddable":true,"href":"https:\/\/femivoz.es\/fr\/wp-json\/wp\/v2\/media\/8929"}],"wp:attachment":[{"href":"https:\/\/femivoz.es\/fr\/wp-json\/wp\/v2\/media?parent=8916"}],"wp:term":[{"taxonomy":"product_brand","embeddable":true,"href":"https:\/\/femivoz.es\/fr\/wp-json\/wp\/v2\/product_brand?post=8916"},{"taxonomy":"product_cat","embeddable":true,"href":"https:\/\/femivoz.es\/fr\/wp-json\/wp\/v2\/product_cat?post=8916"},{"taxonomy":"product_tag","embeddable":true,"href":"https:\/\/femivoz.es\/fr\/wp-json\/wp\/v2\/product_tag?post=8916"}],"curies":[{"name":"wp","href":"https:\/\/api.w.org\/{rel}","templated":true}]}}