{"id":9660,"date":"2020-06-24T19:32:33","date_gmt":"2020-06-24T19:32:34","guid":{"rendered":"https:\/\/femivoz.es\/?post_type=product&#038;p=9660"},"modified":"2023-03-21T17:05:58","modified_gmt":"2023-03-21T17:05:58","slug":"conseil-logopedique-et-etude-de-cas","status":"publish","type":"product","link":"https:\/\/femivoz.es\/fr\/producto\/conseil-logopedique-et-etude-de-cas\/","title":{"rendered":"Conseil logop\u00e9dique et \u00e9tude de cas avec la logop\u00e8de Mariela Astudillo"},"content":{"rendered":"<p><span id=\"s2_1\">Il s\u2019agit d\u2019un <strong>conseil professionnel personnalis\u00e9<\/strong> pour les logop\u00e8des, orthophonistes, logop\u00e9distes et professionnels de la voix.<\/span><\/p>\n<p><span id=\"s2_2\">Les consultations durent <strong>60 minutes<\/strong>. La logop\u00e8de Mariela Astudillo offre une aide \u00e0 la pratique en r\u00e9alisant une \u00e9tude \u00e0 partir de l\u2019anamn\u00e8se, des audios et de tout autre rapport ou \u00e9l\u00e9ment d\u2019int\u00e9r\u00eat fournis par le professionnel int\u00e9ress\u00e9, en le guidant dans sa pratique \u00e0 travers des conseils et des suggestions pour mener \u00e0 bien ses s\u00e9ances.<\/span><\/p>\n<p><span id=\"s2_3\">Ces conseils peuvent \u00e9galement servir aux <strong>\u00e9tudiants<\/strong> pour la r\u00e9alisation de leurs m\u00e9moires, th\u00e8ses ou TFE.<\/span><\/p>\n<p><span id=\"s2_4\">La s\u00e9ance-conseil se r\u00e9alise par <strong>Skype<\/strong>, <strong>WhatsApp<\/strong> ou toute autre plateforme de visioconf\u00e9rence.<\/span><\/p>\n","protected":false},"excerpt":{"rendered":"<p><span id=\"s2_1\">Consultation virtuelle de 60 minutes par Skype.<\/span> <span id=\"s2_2\">Consultation sur des cas sp\u00e9cifiques, orientation et conseils pour la pratique logop\u00e9dique pour des cas de f\u00e9minisation, masculinisation, optimisation et harmonisation de la voix.<\/span><\/p>\n","protected":false},"featured_media":30181,"template":"","meta":{"_acf_changed":false},"product_brand":[],"product_cat":[101],"product_tag":[],"class_list":{"0":"post-9660","1":"product","2":"type-product","3":"status-publish","4":"has-post-thumbnail","6":"product_cat-conseil","8":"first","9":"instock","10":"virtual","11":"purchasable","12":"product-type-simple"},"acf":[],"yoast_head":"<!-- This site is optimized with the Yoast SEO Premium plugin v19.6 (Yoast SEO v26.7) - https:\/\/yoast.com\/wordpress\/plugins\/seo\/ -->\n<title>Conseil logop\u00e9dique et \u00e9tude de cas avec Mariela Astudillo | Femivoz<\/title>\n<meta name=\"description\" content=\"Femivoz vous propose un conseil logop\u00e9dique et \u00e9tude de cas en ligne avec la logop\u00e8de et coach vocal Mariela Astudillo Ram\u00edrez.\" \/>\n<meta name=\"robots\" content=\"index, follow, max-snippet:-1, max-image-preview:large, max-video-preview:-1\" \/>\n<link rel=\"canonical\" href=\"https:\/\/femivoz.es\/fr\/producto\/conseil-logopedique-et-etude-de-cas\/\" \/>\n<meta property=\"og:locale\" content=\"fr_FR\" \/>\n<meta property=\"og:type\" content=\"article\" \/>\n<meta property=\"og:title\" content=\"Conseil logop\u00e9dique et \u00e9tude de cas avec la logop\u00e8de Mariela Astudillo\" \/>\n<meta property=\"og:description\" content=\"Femivoz vous propose un conseil logop\u00e9dique et \u00e9tude de cas en ligne avec la logop\u00e8de et coach vocal Mariela Astudillo Ram\u00edrez.\" \/>\n<meta property=\"og:url\" content=\"https:\/\/femivoz.es\/fr\/producto\/conseil-logopedique-et-etude-de-cas\/\" \/>\n<meta property=\"og:site_name\" content=\"Femivoz\" \/>\n<meta property=\"article:publisher\" content=\"https:\/\/www.facebook.com\/femivoz\" \/>\n<meta property=\"article:modified_time\" content=\"2023-03-21T17:05:58+00:00\" \/>\n<meta property=\"og:image\" content=\"https:\/\/femivoz.es\/wp-content\/uploads\/2021\/11\/computer-4484283_1920.jpg\" \/>\n\t<meta property=\"og:image:width\" content=\"1280\" \/>\n\t<meta property=\"og:image:height\" content=\"1920\" \/>\n\t<meta property=\"og:image:type\" content=\"image\/jpeg\" \/>\n<meta name=\"twitter:card\" content=\"summary_large_image\" \/>\n<meta name=\"twitter:site\" content=\"@femivoz\" \/>\n<meta name=\"twitter:label1\" content=\"Dur\u00e9e de lecture estim\u00e9e\" \/>\n\t<meta name=\"twitter:data1\" content=\"1 minute\" \/>\n<script type=\"application\/ld+json\" class=\"yoast-schema-graph\">{\"@context\":\"https:\/\/schema.org\",\"@graph\":[{\"@type\":\"WebPage\",\"@id\":\"https:\/\/femivoz.es\/fr\/producto\/conseil-logopedique-et-etude-de-cas\/\",\"url\":\"https:\/\/femivoz.es\/fr\/producto\/conseil-logopedique-et-etude-de-cas\/\",\"name\":\"Conseil logop\u00e9dique et \u00e9tude de cas avec Mariela Astudillo | Femivoz\",\"isPartOf\":{\"@id\":\"https:\/\/femivoz.es\/fr\/#website\"},\"primaryImageOfPage\":{\"@id\":\"https:\/\/femivoz.es\/fr\/producto\/conseil-logopedique-et-etude-de-cas\/#primaryimage\"},\"image\":{\"@id\":\"https:\/\/femivoz.es\/fr\/producto\/conseil-logopedique-et-etude-de-cas\/#primaryimage\"},\"thumbnailUrl\":\"https:\/\/femivoz.es\/wp-content\/uploads\/2021\/11\/computer-4484283_1920.jpg\",\"datePublished\":\"2020-06-24T19:32:34+00:00\",\"dateModified\":\"2023-03-21T17:05:58+00:00\",\"description\":\"Femivoz vous propose un conseil logop\u00e9dique et \u00e9tude de cas en ligne avec la logop\u00e8de et coach vocal Mariela Astudillo Ram\u00edrez.\",\"breadcrumb\":{\"@id\":\"https:\/\/femivoz.es\/fr\/producto\/conseil-logopedique-et-etude-de-cas\/#breadcrumb\"},\"inLanguage\":\"fr-FR\",\"potentialAction\":[{\"@type\":\"ReadAction\",\"target\":[\"https:\/\/femivoz.es\/fr\/producto\/conseil-logopedique-et-etude-de-cas\/\"]}]},{\"@type\":\"ImageObject\",\"inLanguage\":\"fr-FR\",\"@id\":\"https:\/\/femivoz.es\/fr\/producto\/conseil-logopedique-et-etude-de-cas\/#primaryimage\",\"url\":\"https:\/\/femivoz.es\/wp-content\/uploads\/2021\/11\/computer-4484283_1920.jpg\",\"contentUrl\":\"https:\/\/femivoz.es\/wp-content\/uploads\/2021\/11\/computer-4484283_1920.jpg\",\"width\":1280,\"height\":1920},{\"@type\":\"BreadcrumbList\",\"@id\":\"https:\/\/femivoz.es\/fr\/producto\/conseil-logopedique-et-etude-de-cas\/#breadcrumb\",\"itemListElement\":[{\"@type\":\"ListItem\",\"position\":1,\"name\":\"Portada\",\"item\":\"https:\/\/femivoz.es\/\"},{\"@type\":\"ListItem\",\"position\":2,\"name\":\"Boutique\",\"item\":\"https:\/\/femivoz.es\/fr\/boutique\/\"},{\"@type\":\"ListItem\",\"position\":3,\"name\":\"Conseil logop\u00e9dique et \u00e9tude de cas avec la logop\u00e8de Mariela Astudillo\"}]},{\"@type\":\"WebSite\",\"@id\":\"https:\/\/femivoz.es\/fr\/#website\",\"url\":\"https:\/\/femivoz.es\/fr\/\",\"name\":\"Femivoz\",\"description\":\"F\u00e9minisation de la voix en ligne avec la logop\u00e8de Mariela Astudillo. S\u00e9ances en ligne. 1\u00ba RDV Gratuit.\",\"publisher\":{\"@id\":\"https:\/\/femivoz.es\/fr\/#organization\"},\"potentialAction\":[{\"@type\":\"SearchAction\",\"target\":{\"@type\":\"EntryPoint\",\"urlTemplate\":\"https:\/\/femivoz.es\/fr\/?s={search_term_string}\"},\"query-input\":{\"@type\":\"PropertyValueSpecification\",\"valueRequired\":true,\"valueName\":\"search_term_string\"}}],\"inLanguage\":\"fr-FR\"},{\"@type\":\"Organization\",\"@id\":\"https:\/\/femivoz.es\/fr\/#organization\",\"name\":\"FEMIVOZ\",\"url\":\"https:\/\/femivoz.es\/fr\/\",\"logo\":{\"@type\":\"ImageObject\",\"inLanguage\":\"fr-FR\",\"@id\":\"https:\/\/femivoz.es\/fr\/#\/schema\/logo\/image\/\",\"url\":\"https:\/\/femivoz.es\/wp-content\/uploads\/2018\/05\/Logo-femivoz-2018-HD-B.png\",\"contentUrl\":\"https:\/\/femivoz.es\/wp-content\/uploads\/2018\/05\/Logo-femivoz-2018-HD-B.png\",\"width\":2210,\"height\":658,\"caption\":\"FEMIVOZ\"},\"image\":{\"@id\":\"https:\/\/femivoz.es\/fr\/#\/schema\/logo\/image\/\"},\"sameAs\":[\"https:\/\/www.facebook.com\/femivoz\",\"https:\/\/x.com\/femivoz\",\"https:\/\/www.instagram.com\/femivoz\/\",\"https:\/\/www.linkedin.com\/in\/femivoz-mariela-astudillo-1401ab21a\/\",\"https:\/\/www.youtube.com\/channel\/UC33Zf-WKvD_Gd_tosA47SFw\"]}]}<\/script>\n<!-- \/ Yoast SEO Premium plugin. -->","yoast_head_json":{"title":"Conseil logop\u00e9dique et \u00e9tude de cas avec Mariela Astudillo | Femivoz","description":"Femivoz vous propose un conseil logop\u00e9dique et \u00e9tude de cas en ligne avec la logop\u00e8de et coach vocal Mariela Astudillo Ram\u00edrez.","robots":{"index":"index","follow":"follow","max-snippet":"max-snippet:-1","max-image-preview":"max-image-preview:large","max-video-preview":"max-video-preview:-1"},"canonical":"https:\/\/femivoz.es\/fr\/producto\/conseil-logopedique-et-etude-de-cas\/","og_locale":"fr_FR","og_type":"article","og_title":"Conseil logop\u00e9dique et \u00e9tude de cas avec la logop\u00e8de Mariela Astudillo","og_description":"Femivoz vous propose un conseil logop\u00e9dique et \u00e9tude de cas en ligne avec la logop\u00e8de et coach vocal Mariela Astudillo Ram\u00edrez.","og_url":"https:\/\/femivoz.es\/fr\/producto\/conseil-logopedique-et-etude-de-cas\/","og_site_name":"Femivoz","article_publisher":"https:\/\/www.facebook.com\/femivoz","article_modified_time":"2023-03-21T17:05:58+00:00","og_image":[{"width":1280,"height":1920,"url":"https:\/\/femivoz.es\/wp-content\/uploads\/2021\/11\/computer-4484283_1920.jpg","type":"image\/jpeg"}],"twitter_card":"summary_large_image","twitter_site":"@femivoz","twitter_misc":{"Dur\u00e9e de lecture estim\u00e9e":"1 minute"},"schema":{"@context":"https:\/\/schema.org","@graph":[{"@type":"WebPage","@id":"https:\/\/femivoz.es\/fr\/producto\/conseil-logopedique-et-etude-de-cas\/","url":"https:\/\/femivoz.es\/fr\/producto\/conseil-logopedique-et-etude-de-cas\/","name":"Conseil logop\u00e9dique et \u00e9tude de cas avec Mariela Astudillo | Femivoz","isPartOf":{"@id":"https:\/\/femivoz.es\/fr\/#website"},"primaryImageOfPage":{"@id":"https:\/\/femivoz.es\/fr\/producto\/conseil-logopedique-et-etude-de-cas\/#primaryimage"},"image":{"@id":"https:\/\/femivoz.es\/fr\/producto\/conseil-logopedique-et-etude-de-cas\/#primaryimage"},"thumbnailUrl":"https:\/\/femivoz.es\/wp-content\/uploads\/2021\/11\/computer-4484283_1920.jpg","datePublished":"2020-06-24T19:32:34+00:00","dateModified":"2023-03-21T17:05:58+00:00","description":"Femivoz vous propose un conseil logop\u00e9dique et \u00e9tude de cas en ligne avec la logop\u00e8de et coach vocal Mariela Astudillo Ram\u00edrez.","breadcrumb":{"@id":"https:\/\/femivoz.es\/fr\/producto\/conseil-logopedique-et-etude-de-cas\/#breadcrumb"},"inLanguage":"fr-FR","potentialAction":[{"@type":"ReadAction","target":["https:\/\/femivoz.es\/fr\/producto\/conseil-logopedique-et-etude-de-cas\/"]}]},{"@type":"ImageObject","inLanguage":"fr-FR","@id":"https:\/\/femivoz.es\/fr\/producto\/conseil-logopedique-et-etude-de-cas\/#primaryimage","url":"https:\/\/femivoz.es\/wp-content\/uploads\/2021\/11\/computer-4484283_1920.jpg","contentUrl":"https:\/\/femivoz.es\/wp-content\/uploads\/2021\/11\/computer-4484283_1920.jpg","width":1280,"height":1920},{"@type":"BreadcrumbList","@id":"https:\/\/femivoz.es\/fr\/producto\/conseil-logopedique-et-etude-de-cas\/#breadcrumb","itemListElement":[{"@type":"ListItem","position":1,"name":"Portada","item":"https:\/\/femivoz.es\/"},{"@type":"ListItem","position":2,"name":"Boutique","item":"https:\/\/femivoz.es\/fr\/boutique\/"},{"@type":"ListItem","position":3,"name":"Conseil logop\u00e9dique et \u00e9tude de cas avec la logop\u00e8de Mariela Astudillo"}]},{"@type":"WebSite","@id":"https:\/\/femivoz.es\/fr\/#website","url":"https:\/\/femivoz.es\/fr\/","name":"Femivoz","description":"F\u00e9minisation de la voix en ligne avec la logop\u00e8de Mariela Astudillo. S\u00e9ances en ligne. 1\u00ba RDV Gratuit.","publisher":{"@id":"https:\/\/femivoz.es\/fr\/#organization"},"potentialAction":[{"@type":"SearchAction","target":{"@type":"EntryPoint","urlTemplate":"https:\/\/femivoz.es\/fr\/?s={search_term_string}"},"query-input":{"@type":"PropertyValueSpecification","valueRequired":true,"valueName":"search_term_string"}}],"inLanguage":"fr-FR"},{"@type":"Organization","@id":"https:\/\/femivoz.es\/fr\/#organization","name":"FEMIVOZ","url":"https:\/\/femivoz.es\/fr\/","logo":{"@type":"ImageObject","inLanguage":"fr-FR","@id":"https:\/\/femivoz.es\/fr\/#\/schema\/logo\/image\/","url":"https:\/\/femivoz.es\/wp-content\/uploads\/2018\/05\/Logo-femivoz-2018-HD-B.png","contentUrl":"https:\/\/femivoz.es\/wp-content\/uploads\/2018\/05\/Logo-femivoz-2018-HD-B.png","width":2210,"height":658,"caption":"FEMIVOZ"},"image":{"@id":"https:\/\/femivoz.es\/fr\/#\/schema\/logo\/image\/"},"sameAs":["https:\/\/www.facebook.com\/femivoz","https:\/\/x.com\/femivoz","https:\/\/www.instagram.com\/femivoz\/","https:\/\/www.linkedin.com\/in\/femivoz-mariela-astudillo-1401ab21a\/","https:\/\/www.youtube.com\/channel\/UC33Zf-WKvD_Gd_tosA47SFw"]}]}},"_links":{"self":[{"href":"https:\/\/femivoz.es\/fr\/wp-json\/wp\/v2\/product\/9660","targetHints":{"allow":["GET"]}}],"collection":[{"href":"https:\/\/femivoz.es\/fr\/wp-json\/wp\/v2\/product"}],"about":[{"href":"https:\/\/femivoz.es\/fr\/wp-json\/wp\/v2\/types\/product"}],"wp:featuredmedia":[{"embeddable":true,"href":"https:\/\/femivoz.es\/fr\/wp-json\/wp\/v2\/media\/30181"}],"wp:attachment":[{"href":"https:\/\/femivoz.es\/fr\/wp-json\/wp\/v2\/media?parent=9660"}],"wp:term":[{"taxonomy":"product_brand","embeddable":true,"href":"https:\/\/femivoz.es\/fr\/wp-json\/wp\/v2\/product_brand?post=9660"},{"taxonomy":"product_cat","embeddable":true,"href":"https:\/\/femivoz.es\/fr\/wp-json\/wp\/v2\/product_cat?post=9660"},{"taxonomy":"product_tag","embeddable":true,"href":"https:\/\/femivoz.es\/fr\/wp-json\/wp\/v2\/product_tag?post=9660"}],"curies":[{"name":"wp","href":"https:\/\/api.w.org\/{rel}","templated":true}]}}