{"id":9795,"date":"2020-07-14T09:35:24","date_gmt":"2020-07-14T09:35:25","guid":{"rendered":"https:\/\/femivoz.es\/?post_type=product&#038;p=9795"},"modified":"2025-08-06T14:27:37","modified_gmt":"2025-08-06T14:27:37","slug":"masterclass-feminisation-de-la-voix","status":"publish","type":"product","link":"https:\/\/femivoz.es\/fr\/producto\/masterclass-feminisation-de-la-voix\/","title":{"rendered":"Masterclass f\u00e9minisation de la voix"},"content":{"rendered":"<p>La m\u00e9thode Astudillo est une m\u00e9thode de f\u00e9minisation et harmonisation de la voix et de la parole qui s&rsquo;adapte \u00e0 tous types de profils LGBTQIA+ et autres (personnes transgenres, cisgenres, transformistes, cross-dressers, non binaires, genre fluide, des personnes ayant consomm\u00e9 des st\u00e9ro\u00efdes anabolisants, des personnes en d\u00e9transition&#8230;)<\/p>\n<p>Du \u00e0 la hausse de la demande de personnes souhaitant f\u00e9miniser leur voix, la masculiniser, l&rsquo;androgyniser, la neutraliser&#8230; \u00e0 savoir, la modifier au niveau identitaire et \u00e9motionnel, cette formation permet aux professionnel.le.x.s de la voix tel que les logop\u00e8des, orthophonistes, logop\u00e9distes, \u00e9tudiant.e.x.s, coach vocaux, de travailler en appliquant une m\u00e9thodologie efficace qui permet d&rsquo;obtenir des r\u00e9sultats en 10 s\u00e9ances en moyenne.<\/p>\n<p><strong>Calendrier d\u00e9finit conjointement selon les disponibilit\u00e9s des 2 parties.<\/strong><\/p>\n<hr \/>\n<p><strong>CONTENU:<\/strong><\/p>\n<p>Introduction \u00e0 la transidentit\u00e9: concepts pr\u00e9liminaires et terminologie<\/p>\n<p>L&rsquo;entra\u00eenement de f\u00e9minisation et harmonisation de la voix<\/p>\n<p>La M\u00e9thode Astudillo : fondements, piliers et m\u00e9thodologie<\/p>\n<p>Voix \u00e9motionnelle: f\u00e9minisation de l\u2019expression faciale et d\u00e9veloppement de l\u2019expressivit\u00e9<\/p>\n<p>Profil des patients: demande et satisfaction<\/p>\n<p><b><\/b>Les interventions chirurgicales d\u2019augmentation tonale<\/p>\n<p>R\u00e9sultats et \u00e9tude de cas<\/p>\n<p>Anamn\u00e8se, organisation des s\u00e9ances et mat\u00e9riel<\/p>\n<hr \/>\n<p><strong>NOTE :<\/strong> la formation doit \u00eatre r\u00e9gl\u00e9e \u00e0 l&rsquo;avance.<\/p>\n<p><span style=\"color: #999999;\"><em>La formation en ligne peut \u00eatre r\u00e9gl\u00e9e via Paypal, carte bancaire, virement bancaire.<\/em><\/span><\/p>\n","protected":false},"excerpt":{"rendered":"<h4 style=\"text-align: left;\"><strong>Formation individuelle en ligne de 5 heures<\/strong><\/h4>\n<hr \/>\n<p>Cette formation a pour objectif de former les logop\u00e8des, orthophonistes, logop\u00e9distes, \u00e9tudiant.e.x.s, coach vocaux&#8230; dans la pratique relative \u00e0 l&rsquo;entra\u00eenement vocal de f\u00e9minisation de la voix et des voix LGBTQIA+.<\/p>\n","protected":false},"featured_media":38479,"template":"","meta":{"_acf_changed":false},"product_brand":[],"product_cat":[56],"product_tag":[],"class_list":{"0":"post-9795","1":"product","2":"type-product","3":"status-publish","4":"has-post-thumbnail","6":"product_cat-formation","8":"first","9":"instock","10":"virtual","11":"purchasable","12":"product-type-simple"},"acf":[],"yoast_head":"<!-- This site is optimized with the Yoast SEO Premium plugin v19.6 (Yoast SEO v26.7) - https:\/\/yoast.com\/wordpress\/plugins\/seo\/ -->\n<title>Masterclass f\u00e9minisation de la voix - Femivoz<\/title>\n<meta name=\"robots\" content=\"index, follow, max-snippet:-1, max-image-preview:large, max-video-preview:-1\" \/>\n<link rel=\"canonical\" href=\"https:\/\/femivoz.es\/fr\/producto\/masterclass-feminisation-de-la-voix\/\" \/>\n<meta property=\"og:locale\" content=\"fr_FR\" \/>\n<meta property=\"og:type\" content=\"article\" \/>\n<meta property=\"og:title\" content=\"Masterclass f\u00e9minisation de la voix\" \/>\n<meta property=\"og:description\" content=\"Formation individuelle en ligne de 5 heures    Cette formation a pour objectif de former les logop\u00e8des, orthophonistes, logop\u00e9distes, \u00e9tudiant.e.x.s, coach vocaux... dans la pratique relative \u00e0 l&#039;entra\u00eenement vocal de f\u00e9minisation de la voix et des voix LGBTQIA+.\" \/>\n<meta property=\"og:url\" content=\"https:\/\/femivoz.es\/fr\/producto\/masterclass-feminisation-de-la-voix\/\" \/>\n<meta property=\"og:site_name\" content=\"Femivoz\" \/>\n<meta property=\"article:publisher\" content=\"https:\/\/www.facebook.com\/femivoz\" \/>\n<meta property=\"article:modified_time\" content=\"2025-08-06T14:27:37+00:00\" \/>\n<meta property=\"og:image\" content=\"https:\/\/femivoz.es\/wp-content\/uploads\/2022\/04\/46.png\" \/>\n\t<meta property=\"og:image:width\" content=\"500\" \/>\n\t<meta property=\"og:image:height\" content=\"500\" \/>\n\t<meta property=\"og:image:type\" content=\"image\/png\" \/>\n<meta name=\"twitter:card\" content=\"summary_large_image\" \/>\n<meta name=\"twitter:site\" content=\"@femivoz\" \/>\n<meta name=\"twitter:label1\" content=\"Dur\u00e9e de lecture estim\u00e9e\" \/>\n\t<meta name=\"twitter:data1\" content=\"2 minutes\" \/>\n<script type=\"application\/ld+json\" class=\"yoast-schema-graph\">{\"@context\":\"https:\/\/schema.org\",\"@graph\":[{\"@type\":\"WebPage\",\"@id\":\"https:\/\/femivoz.es\/fr\/producto\/masterclass-feminisation-de-la-voix\/\",\"url\":\"https:\/\/femivoz.es\/fr\/producto\/masterclass-feminisation-de-la-voix\/\",\"name\":\"Masterclass f\u00e9minisation de la voix - Femivoz\",\"isPartOf\":{\"@id\":\"https:\/\/femivoz.es\/fr\/#website\"},\"primaryImageOfPage\":{\"@id\":\"https:\/\/femivoz.es\/fr\/producto\/masterclass-feminisation-de-la-voix\/#primaryimage\"},\"image\":{\"@id\":\"https:\/\/femivoz.es\/fr\/producto\/masterclass-feminisation-de-la-voix\/#primaryimage\"},\"thumbnailUrl\":\"https:\/\/femivoz.es\/wp-content\/uploads\/2022\/04\/46.png\",\"datePublished\":\"2020-07-14T09:35:25+00:00\",\"dateModified\":\"2025-08-06T14:27:37+00:00\",\"breadcrumb\":{\"@id\":\"https:\/\/femivoz.es\/fr\/producto\/masterclass-feminisation-de-la-voix\/#breadcrumb\"},\"inLanguage\":\"fr-FR\",\"potentialAction\":[{\"@type\":\"ReadAction\",\"target\":[\"https:\/\/femivoz.es\/fr\/producto\/masterclass-feminisation-de-la-voix\/\"]}]},{\"@type\":\"ImageObject\",\"inLanguage\":\"fr-FR\",\"@id\":\"https:\/\/femivoz.es\/fr\/producto\/masterclass-feminisation-de-la-voix\/#primaryimage\",\"url\":\"https:\/\/femivoz.es\/wp-content\/uploads\/2022\/04\/46.png\",\"contentUrl\":\"https:\/\/femivoz.es\/wp-content\/uploads\/2022\/04\/46.png\",\"width\":500,\"height\":500,\"caption\":\"Master Class f\u00e9minisation de la voix avec Mariela Astudillo\"},{\"@type\":\"BreadcrumbList\",\"@id\":\"https:\/\/femivoz.es\/fr\/producto\/masterclass-feminisation-de-la-voix\/#breadcrumb\",\"itemListElement\":[{\"@type\":\"ListItem\",\"position\":1,\"name\":\"Portada\",\"item\":\"https:\/\/femivoz.es\/\"},{\"@type\":\"ListItem\",\"position\":2,\"name\":\"Boutique\",\"item\":\"https:\/\/femivoz.es\/fr\/boutique\/\"},{\"@type\":\"ListItem\",\"position\":3,\"name\":\"Masterclass f\u00e9minisation de la voix\"}]},{\"@type\":\"WebSite\",\"@id\":\"https:\/\/femivoz.es\/fr\/#website\",\"url\":\"https:\/\/femivoz.es\/fr\/\",\"name\":\"Femivoz\",\"description\":\"F\u00e9minisation de la voix en ligne avec la logop\u00e8de Mariela Astudillo. S\u00e9ances en ligne. 1\u00ba RDV Gratuit.\",\"publisher\":{\"@id\":\"https:\/\/femivoz.es\/fr\/#organization\"},\"potentialAction\":[{\"@type\":\"SearchAction\",\"target\":{\"@type\":\"EntryPoint\",\"urlTemplate\":\"https:\/\/femivoz.es\/fr\/?s={search_term_string}\"},\"query-input\":{\"@type\":\"PropertyValueSpecification\",\"valueRequired\":true,\"valueName\":\"search_term_string\"}}],\"inLanguage\":\"fr-FR\"},{\"@type\":\"Organization\",\"@id\":\"https:\/\/femivoz.es\/fr\/#organization\",\"name\":\"FEMIVOZ\",\"url\":\"https:\/\/femivoz.es\/fr\/\",\"logo\":{\"@type\":\"ImageObject\",\"inLanguage\":\"fr-FR\",\"@id\":\"https:\/\/femivoz.es\/fr\/#\/schema\/logo\/image\/\",\"url\":\"https:\/\/femivoz.es\/wp-content\/uploads\/2018\/05\/Logo-femivoz-2018-HD-B.png\",\"contentUrl\":\"https:\/\/femivoz.es\/wp-content\/uploads\/2018\/05\/Logo-femivoz-2018-HD-B.png\",\"width\":2210,\"height\":658,\"caption\":\"FEMIVOZ\"},\"image\":{\"@id\":\"https:\/\/femivoz.es\/fr\/#\/schema\/logo\/image\/\"},\"sameAs\":[\"https:\/\/www.facebook.com\/femivoz\",\"https:\/\/x.com\/femivoz\",\"https:\/\/www.instagram.com\/femivoz\/\",\"https:\/\/www.linkedin.com\/in\/femivoz-mariela-astudillo-1401ab21a\/\",\"https:\/\/www.youtube.com\/channel\/UC33Zf-WKvD_Gd_tosA47SFw\"]}]}<\/script>\n<!-- \/ Yoast SEO Premium plugin. -->","yoast_head_json":{"title":"Masterclass f\u00e9minisation de la voix - Femivoz","robots":{"index":"index","follow":"follow","max-snippet":"max-snippet:-1","max-image-preview":"max-image-preview:large","max-video-preview":"max-video-preview:-1"},"canonical":"https:\/\/femivoz.es\/fr\/producto\/masterclass-feminisation-de-la-voix\/","og_locale":"fr_FR","og_type":"article","og_title":"Masterclass f\u00e9minisation de la voix","og_description":"Formation individuelle en ligne de 5 heures    Cette formation a pour objectif de former les logop\u00e8des, orthophonistes, logop\u00e9distes, \u00e9tudiant.e.x.s, coach vocaux... dans la pratique relative \u00e0 l'entra\u00eenement vocal de f\u00e9minisation de la voix et des voix LGBTQIA+.","og_url":"https:\/\/femivoz.es\/fr\/producto\/masterclass-feminisation-de-la-voix\/","og_site_name":"Femivoz","article_publisher":"https:\/\/www.facebook.com\/femivoz","article_modified_time":"2025-08-06T14:27:37+00:00","og_image":[{"width":500,"height":500,"url":"https:\/\/femivoz.es\/wp-content\/uploads\/2022\/04\/46.png","type":"image\/png"}],"twitter_card":"summary_large_image","twitter_site":"@femivoz","twitter_misc":{"Dur\u00e9e de lecture estim\u00e9e":"2 minutes"},"schema":{"@context":"https:\/\/schema.org","@graph":[{"@type":"WebPage","@id":"https:\/\/femivoz.es\/fr\/producto\/masterclass-feminisation-de-la-voix\/","url":"https:\/\/femivoz.es\/fr\/producto\/masterclass-feminisation-de-la-voix\/","name":"Masterclass f\u00e9minisation de la voix - Femivoz","isPartOf":{"@id":"https:\/\/femivoz.es\/fr\/#website"},"primaryImageOfPage":{"@id":"https:\/\/femivoz.es\/fr\/producto\/masterclass-feminisation-de-la-voix\/#primaryimage"},"image":{"@id":"https:\/\/femivoz.es\/fr\/producto\/masterclass-feminisation-de-la-voix\/#primaryimage"},"thumbnailUrl":"https:\/\/femivoz.es\/wp-content\/uploads\/2022\/04\/46.png","datePublished":"2020-07-14T09:35:25+00:00","dateModified":"2025-08-06T14:27:37+00:00","breadcrumb":{"@id":"https:\/\/femivoz.es\/fr\/producto\/masterclass-feminisation-de-la-voix\/#breadcrumb"},"inLanguage":"fr-FR","potentialAction":[{"@type":"ReadAction","target":["https:\/\/femivoz.es\/fr\/producto\/masterclass-feminisation-de-la-voix\/"]}]},{"@type":"ImageObject","inLanguage":"fr-FR","@id":"https:\/\/femivoz.es\/fr\/producto\/masterclass-feminisation-de-la-voix\/#primaryimage","url":"https:\/\/femivoz.es\/wp-content\/uploads\/2022\/04\/46.png","contentUrl":"https:\/\/femivoz.es\/wp-content\/uploads\/2022\/04\/46.png","width":500,"height":500,"caption":"Master Class f\u00e9minisation de la voix avec Mariela Astudillo"},{"@type":"BreadcrumbList","@id":"https:\/\/femivoz.es\/fr\/producto\/masterclass-feminisation-de-la-voix\/#breadcrumb","itemListElement":[{"@type":"ListItem","position":1,"name":"Portada","item":"https:\/\/femivoz.es\/"},{"@type":"ListItem","position":2,"name":"Boutique","item":"https:\/\/femivoz.es\/fr\/boutique\/"},{"@type":"ListItem","position":3,"name":"Masterclass f\u00e9minisation de la voix"}]},{"@type":"WebSite","@id":"https:\/\/femivoz.es\/fr\/#website","url":"https:\/\/femivoz.es\/fr\/","name":"Femivoz","description":"F\u00e9minisation de la voix en ligne avec la logop\u00e8de Mariela Astudillo. S\u00e9ances en ligne. 1\u00ba RDV Gratuit.","publisher":{"@id":"https:\/\/femivoz.es\/fr\/#organization"},"potentialAction":[{"@type":"SearchAction","target":{"@type":"EntryPoint","urlTemplate":"https:\/\/femivoz.es\/fr\/?s={search_term_string}"},"query-input":{"@type":"PropertyValueSpecification","valueRequired":true,"valueName":"search_term_string"}}],"inLanguage":"fr-FR"},{"@type":"Organization","@id":"https:\/\/femivoz.es\/fr\/#organization","name":"FEMIVOZ","url":"https:\/\/femivoz.es\/fr\/","logo":{"@type":"ImageObject","inLanguage":"fr-FR","@id":"https:\/\/femivoz.es\/fr\/#\/schema\/logo\/image\/","url":"https:\/\/femivoz.es\/wp-content\/uploads\/2018\/05\/Logo-femivoz-2018-HD-B.png","contentUrl":"https:\/\/femivoz.es\/wp-content\/uploads\/2018\/05\/Logo-femivoz-2018-HD-B.png","width":2210,"height":658,"caption":"FEMIVOZ"},"image":{"@id":"https:\/\/femivoz.es\/fr\/#\/schema\/logo\/image\/"},"sameAs":["https:\/\/www.facebook.com\/femivoz","https:\/\/x.com\/femivoz","https:\/\/www.instagram.com\/femivoz\/","https:\/\/www.linkedin.com\/in\/femivoz-mariela-astudillo-1401ab21a\/","https:\/\/www.youtube.com\/channel\/UC33Zf-WKvD_Gd_tosA47SFw"]}]}},"_links":{"self":[{"href":"https:\/\/femivoz.es\/fr\/wp-json\/wp\/v2\/product\/9795","targetHints":{"allow":["GET"]}}],"collection":[{"href":"https:\/\/femivoz.es\/fr\/wp-json\/wp\/v2\/product"}],"about":[{"href":"https:\/\/femivoz.es\/fr\/wp-json\/wp\/v2\/types\/product"}],"wp:featuredmedia":[{"embeddable":true,"href":"https:\/\/femivoz.es\/fr\/wp-json\/wp\/v2\/media\/38479"}],"wp:attachment":[{"href":"https:\/\/femivoz.es\/fr\/wp-json\/wp\/v2\/media?parent=9795"}],"wp:term":[{"taxonomy":"product_brand","embeddable":true,"href":"https:\/\/femivoz.es\/fr\/wp-json\/wp\/v2\/product_brand?post=9795"},{"taxonomy":"product_cat","embeddable":true,"href":"https:\/\/femivoz.es\/fr\/wp-json\/wp\/v2\/product_cat?post=9795"},{"taxonomy":"product_tag","embeddable":true,"href":"https:\/\/femivoz.es\/fr\/wp-json\/wp\/v2\/product_tag?post=9795"}],"curies":[{"name":"wp","href":"https:\/\/api.w.org\/{rel}","templated":true}]}}